{"id":1149,"date":"2025-06-23T12:34:26","date_gmt":"2025-06-23T10:34:26","guid":{"rendered":"https:\/\/eneratec.com\/product\/eneratec-power-wall-6\/"},"modified":"2025-06-23T12:34:26","modified_gmt":"2025-06-23T10:34:26","slug":"eneratec-power-wall-6","status":"publish","type":"product","link":"https:\/\/eneratec.com\/hr\/product\/eneratec-power-wall-6\/","title":{"rendered":"Eneratec Power Wall 6"},"content":{"rendered":"<h1>Tehni\u010dki podaci:<\/h1>\n<p><strong>Nominalni napon:<\/strong> 52 V<br \/>\n<strong>Nominalni kapacitet:<\/strong> 120 A\u2022h<br \/>\n<strong>Nominalna energija:<\/strong> 6 kW\u2022h<br \/>\n<strong>Dimenzije (\u0160 x V x D, mm):<\/strong> Skrojeno za kompaktan \u017eivot<br \/>\n<strong>Te\u017eina:<\/strong> Lak\u0161i i upravljiviji<br \/>\n<strong>Pro\u0161irivo:<\/strong> Dodajte jo\u0161 baterija za ve\u0107u snagu<br \/>\n<strong>U\u010dinkovito:<\/strong> 6 kW\u2022h u kompaktnom pakiranju<\/p>\n","protected":false},"excerpt":{"rendered":"<p>U\u0111ite u novu eru energetske slobode s Power Wall 6 \u2014 kompaktnom snagom dizajniranom za one koji cijene u\u010dinkovitost bez kompromisa. Skrojen za male domove, kombije i kampere, Power Wall 6 va\u0161e je rje\u0161enje za pouzdanu pohranu energije.<\/p>\n","protected":false},"featured_media":686,"template":"","meta":{"_et_pb_use_builder":"","_et_pb_old_content":"","_et_gb_content_width":"","inline_featured_image":false},"product_brand":[],"product_cat":[42],"product_tag":[],"class_list":{"0":"post-1149","1":"product","2":"type-product","3":"status-publish","4":"has-post-thumbnail","6":"product_cat-power-wall-hr","8":"first","9":"instock","10":"shipping-taxable","11":"product-type-simple"},"yoast_head":"<!-- This site is optimized with the Yoast SEO plugin v27.4 - https:\/\/yoast.com\/product\/yoast-seo-wordpress\/ -->\n<title>Eneratec Power Wall 6 - Eneratec<\/title>\n<meta name=\"robots\" content=\"index, follow, max-snippet:-1, max-image-preview:large, max-video-preview:-1\" \/>\n<link rel=\"canonical\" href=\"https:\/\/eneratec.com\/hr\/product\/eneratec-power-wall-6\/\" \/>\n<meta property=\"og:locale\" content=\"hr_HR\" \/>\n<meta property=\"og:type\" content=\"article\" \/>\n<meta property=\"og:title\" content=\"Eneratec Power Wall 6 - Eneratec\" \/>\n<meta property=\"og:description\" content=\"U\u0111ite u novu eru energetske slobode s Power Wall 6 \u2014 kompaktnom snagom dizajniranom za one koji cijene u\u010dinkovitost bez kompromisa. Skrojen za male domove, kombije i kampere, Power Wall 6 va\u0161e je rje\u0161enje za pouzdanu pohranu energije.\" \/>\n<meta property=\"og:url\" content=\"https:\/\/eneratec.com\/hr\/product\/eneratec-power-wall-6\/\" \/>\n<meta property=\"og:site_name\" content=\"Eneratec\" \/>\n<meta property=\"article:publisher\" content=\"https:\/\/www.facebook.com\/profile.php?id=61556497551936\" \/>\n<meta property=\"og:image\" content=\"https:\/\/eneratec.com\/wp-content\/uploads\/2024\/02\/eneratec_electric_generator1.jpg\" \/>\n\t<meta property=\"og:image:width\" content=\"1500\" \/>\n\t<meta property=\"og:image:height\" content=\"1125\" \/>\n\t<meta property=\"og:image:type\" content=\"image\/jpeg\" \/>\n<meta name=\"twitter:card\" content=\"summary_large_image\" \/>\n<script type=\"application\/ld+json\" class=\"yoast-schema-graph\">{\"@context\":\"https:\\\/\\\/schema.org\",\"@graph\":[{\"@type\":\"WebPage\",\"@id\":\"https:\\\/\\\/eneratec.com\\\/hr\\\/product\\\/eneratec-power-wall-6\\\/\",\"url\":\"https:\\\/\\\/eneratec.com\\\/hr\\\/product\\\/eneratec-power-wall-6\\\/\",\"name\":\"Eneratec Power Wall 6 - Eneratec\",\"isPartOf\":{\"@id\":\"https:\\\/\\\/eneratec.com\\\/hr\\\/#website\"},\"primaryImageOfPage\":{\"@id\":\"https:\\\/\\\/eneratec.com\\\/hr\\\/product\\\/eneratec-power-wall-6\\\/#primaryimage\"},\"image\":{\"@id\":\"https:\\\/\\\/eneratec.com\\\/hr\\\/product\\\/eneratec-power-wall-6\\\/#primaryimage\"},\"thumbnailUrl\":\"https:\\\/\\\/eneratec.com\\\/wp-content\\\/uploads\\\/2024\\\/02\\\/eneratec_electric_generator1.jpg\",\"datePublished\":\"2025-06-23T10:34:26+00:00\",\"breadcrumb\":{\"@id\":\"https:\\\/\\\/eneratec.com\\\/hr\\\/product\\\/eneratec-power-wall-6\\\/#breadcrumb\"},\"inLanguage\":\"hr\",\"potentialAction\":[{\"@type\":\"ReadAction\",\"target\":[\"https:\\\/\\\/eneratec.com\\\/hr\\\/product\\\/eneratec-power-wall-6\\\/\"]}]},{\"@type\":\"ImageObject\",\"inLanguage\":\"hr\",\"@id\":\"https:\\\/\\\/eneratec.com\\\/hr\\\/product\\\/eneratec-power-wall-6\\\/#primaryimage\",\"url\":\"https:\\\/\\\/eneratec.com\\\/wp-content\\\/uploads\\\/2024\\\/02\\\/eneratec_electric_generator1.jpg\",\"contentUrl\":\"https:\\\/\\\/eneratec.com\\\/wp-content\\\/uploads\\\/2024\\\/02\\\/eneratec_electric_generator1.jpg\",\"width\":1500,\"height\":1125},{\"@type\":\"BreadcrumbList\",\"@id\":\"https:\\\/\\\/eneratec.com\\\/hr\\\/product\\\/eneratec-power-wall-6\\\/#breadcrumb\",\"itemListElement\":[{\"@type\":\"ListItem\",\"position\":1,\"name\":\"Home\",\"item\":\"https:\\\/\\\/eneratec.com\\\/hr\\\/dom\\\/\"},{\"@type\":\"ListItem\",\"position\":2,\"name\":\"Shop\",\"item\":\"https:\\\/\\\/eneratec.com\\\/shop\\\/\"},{\"@type\":\"ListItem\",\"position\":3,\"name\":\"Eneratec Power Wall 6\"}]},{\"@type\":\"WebSite\",\"@id\":\"https:\\\/\\\/eneratec.com\\\/hr\\\/#website\",\"url\":\"https:\\\/\\\/eneratec.com\\\/hr\\\/\",\"name\":\"Eneratec\",\"description\":\"We Build Energy\",\"publisher\":{\"@id\":\"https:\\\/\\\/eneratec.com\\\/hr\\\/#organization\"},\"potentialAction\":[{\"@type\":\"SearchAction\",\"target\":{\"@type\":\"EntryPoint\",\"urlTemplate\":\"https:\\\/\\\/eneratec.com\\\/hr\\\/?s={search_term_string}\"},\"query-input\":{\"@type\":\"PropertyValueSpecification\",\"valueRequired\":true,\"valueName\":\"search_term_string\"}}],\"inLanguage\":\"hr\"},{\"@type\":\"Organization\",\"@id\":\"https:\\\/\\\/eneratec.com\\\/hr\\\/#organization\",\"name\":\"Eneratec\",\"url\":\"https:\\\/\\\/eneratec.com\\\/hr\\\/\",\"logo\":{\"@type\":\"ImageObject\",\"inLanguage\":\"hr\",\"@id\":\"https:\\\/\\\/eneratec.com\\\/hr\\\/#\\\/schema\\\/logo\\\/image\\\/\",\"url\":\"https:\\\/\\\/eneratec.com\\\/wp-content\\\/uploads\\\/2024\\\/01\\\/eneratec_logo_color_hor.svg\",\"contentUrl\":\"https:\\\/\\\/eneratec.com\\\/wp-content\\\/uploads\\\/2024\\\/01\\\/eneratec_logo_color_hor.svg\",\"width\":\"1024\",\"height\":\"1024\",\"caption\":\"Eneratec\"},\"image\":{\"@id\":\"https:\\\/\\\/eneratec.com\\\/hr\\\/#\\\/schema\\\/logo\\\/image\\\/\"},\"sameAs\":[\"https:\\\/\\\/www.facebook.com\\\/profile.php?id=61556497551936\"]}]}<\/script>\n<!-- \/ Yoast SEO plugin. -->","yoast_head_json":{"title":"Eneratec Power Wall 6 - Eneratec","robots":{"index":"index","follow":"follow","max-snippet":"max-snippet:-1","max-image-preview":"max-image-preview:large","max-video-preview":"max-video-preview:-1"},"canonical":"https:\/\/eneratec.com\/hr\/product\/eneratec-power-wall-6\/","og_locale":"hr_HR","og_type":"article","og_title":"Eneratec Power Wall 6 - Eneratec","og_description":"U\u0111ite u novu eru energetske slobode s Power Wall 6 \u2014 kompaktnom snagom dizajniranom za one koji cijene u\u010dinkovitost bez kompromisa. Skrojen za male domove, kombije i kampere, Power Wall 6 va\u0161e je rje\u0161enje za pouzdanu pohranu energije.","og_url":"https:\/\/eneratec.com\/hr\/product\/eneratec-power-wall-6\/","og_site_name":"Eneratec","article_publisher":"https:\/\/www.facebook.com\/profile.php?id=61556497551936","og_image":[{"width":1500,"height":1125,"url":"https:\/\/eneratec.com\/wp-content\/uploads\/2024\/02\/eneratec_electric_generator1.jpg","type":"image\/jpeg"}],"twitter_card":"summary_large_image","schema":{"@context":"https:\/\/schema.org","@graph":[{"@type":"WebPage","@id":"https:\/\/eneratec.com\/hr\/product\/eneratec-power-wall-6\/","url":"https:\/\/eneratec.com\/hr\/product\/eneratec-power-wall-6\/","name":"Eneratec Power Wall 6 - Eneratec","isPartOf":{"@id":"https:\/\/eneratec.com\/hr\/#website"},"primaryImageOfPage":{"@id":"https:\/\/eneratec.com\/hr\/product\/eneratec-power-wall-6\/#primaryimage"},"image":{"@id":"https:\/\/eneratec.com\/hr\/product\/eneratec-power-wall-6\/#primaryimage"},"thumbnailUrl":"https:\/\/eneratec.com\/wp-content\/uploads\/2024\/02\/eneratec_electric_generator1.jpg","datePublished":"2025-06-23T10:34:26+00:00","breadcrumb":{"@id":"https:\/\/eneratec.com\/hr\/product\/eneratec-power-wall-6\/#breadcrumb"},"inLanguage":"hr","potentialAction":[{"@type":"ReadAction","target":["https:\/\/eneratec.com\/hr\/product\/eneratec-power-wall-6\/"]}]},{"@type":"ImageObject","inLanguage":"hr","@id":"https:\/\/eneratec.com\/hr\/product\/eneratec-power-wall-6\/#primaryimage","url":"https:\/\/eneratec.com\/wp-content\/uploads\/2024\/02\/eneratec_electric_generator1.jpg","contentUrl":"https:\/\/eneratec.com\/wp-content\/uploads\/2024\/02\/eneratec_electric_generator1.jpg","width":1500,"height":1125},{"@type":"BreadcrumbList","@id":"https:\/\/eneratec.com\/hr\/product\/eneratec-power-wall-6\/#breadcrumb","itemListElement":[{"@type":"ListItem","position":1,"name":"Home","item":"https:\/\/eneratec.com\/hr\/dom\/"},{"@type":"ListItem","position":2,"name":"Shop","item":"https:\/\/eneratec.com\/shop\/"},{"@type":"ListItem","position":3,"name":"Eneratec Power Wall 6"}]},{"@type":"WebSite","@id":"https:\/\/eneratec.com\/hr\/#website","url":"https:\/\/eneratec.com\/hr\/","name":"Eneratec","description":"We Build Energy","publisher":{"@id":"https:\/\/eneratec.com\/hr\/#organization"},"potentialAction":[{"@type":"SearchAction","target":{"@type":"EntryPoint","urlTemplate":"https:\/\/eneratec.com\/hr\/?s={search_term_string}"},"query-input":{"@type":"PropertyValueSpecification","valueRequired":true,"valueName":"search_term_string"}}],"inLanguage":"hr"},{"@type":"Organization","@id":"https:\/\/eneratec.com\/hr\/#organization","name":"Eneratec","url":"https:\/\/eneratec.com\/hr\/","logo":{"@type":"ImageObject","inLanguage":"hr","@id":"https:\/\/eneratec.com\/hr\/#\/schema\/logo\/image\/","url":"https:\/\/eneratec.com\/wp-content\/uploads\/2024\/01\/eneratec_logo_color_hor.svg","contentUrl":"https:\/\/eneratec.com\/wp-content\/uploads\/2024\/01\/eneratec_logo_color_hor.svg","width":"1024","height":"1024","caption":"Eneratec"},"image":{"@id":"https:\/\/eneratec.com\/hr\/#\/schema\/logo\/image\/"},"sameAs":["https:\/\/www.facebook.com\/profile.php?id=61556497551936"]}]}},"_links":{"self":[{"href":"https:\/\/eneratec.com\/hr\/wp-json\/wp\/v2\/product\/1149","targetHints":{"allow":["GET"]}}],"collection":[{"href":"https:\/\/eneratec.com\/hr\/wp-json\/wp\/v2\/product"}],"about":[{"href":"https:\/\/eneratec.com\/hr\/wp-json\/wp\/v2\/types\/product"}],"wp:featuredmedia":[{"embeddable":true,"href":"https:\/\/eneratec.com\/hr\/wp-json\/wp\/v2\/media\/686"}],"wp:attachment":[{"href":"https:\/\/eneratec.com\/hr\/wp-json\/wp\/v2\/media?parent=1149"}],"wp:term":[{"taxonomy":"product_brand","embeddable":true,"href":"https:\/\/eneratec.com\/hr\/wp-json\/wp\/v2\/product_brand?post=1149"},{"taxonomy":"product_cat","embeddable":true,"href":"https:\/\/eneratec.com\/hr\/wp-json\/wp\/v2\/product_cat?post=1149"},{"taxonomy":"product_tag","embeddable":true,"href":"https:\/\/eneratec.com\/hr\/wp-json\/wp\/v2\/product_tag?post=1149"}],"curies":[{"name":"wp","href":"https:\/\/api.w.org\/{rel}","templated":true}]}}