{"id":1148,"date":"2025-06-23T12:41:24","date_gmt":"2025-06-23T10:41:24","guid":{"rendered":"https:\/\/eneratec.com\/product\/powerbank\/"},"modified":"2025-06-23T12:41:24","modified_gmt":"2025-06-23T10:41:24","slug":"powerbank","status":"publish","type":"product","link":"https:\/\/eneratec.com\/hr\/product\/powerbank\/","title":{"rendered":"Powerbank"},"content":{"rendered":"<h1>Tehni\u010dki podaci:<\/h1>\n<p><strong>Model laptopa:<\/strong> Powerbank<br \/>\n<strong>Dimenzije:<\/strong> 175 mm x 95 mm x 80 mm<br \/>\n<strong>Kapacitet baterije:<\/strong> 17.400 mAh<br \/>\n<strong>Konektori:<\/strong> Vi\u0161estruki<br \/>\n<strong>Napon:<\/strong> 19,5 V<br \/>\n<strong>Punjenje baterije prijenosnog ra\u010dunala:<\/strong> 5 puta 0-100% s jednim punjenjem Powerbanka<br \/>\n<strong>Vrsta punja\u010da:<\/strong> DC 16,8 V 2 A<\/p>\n","protected":false},"excerpt":{"rendered":"<p>Birajte izme\u0111u modela koji nude 5 ili 10 punih punjenja prijenosnog ra\u010dunala , osiguravaju\u0107i da ostanete pod naponom gdje god se nalazili.<br \/>\nBez obzira radite li na daljinu ili ste u pokretu, na\u0161a baterija jam\u010di dugotrajnu izvedbu.<br \/>\nNe dopustite da vas slaba baterija prijenosnog ra\u010dunala sputava \u2013 na\u0161e rje\u0161enje omogu\u0107uje vam da budete povezani i produktivni, bez obzira gdje se nalazite.<\/p>\n","protected":false},"featured_media":724,"template":"","meta":{"_et_pb_use_builder":"","_et_pb_old_content":"","_et_gb_content_width":"","inline_featured_image":false},"product_brand":[],"product_cat":[43],"product_tag":[],"class_list":{"0":"post-1148","1":"product","2":"type-product","3":"status-publish","4":"has-post-thumbnail","6":"product_cat-powerbank-hr","8":"first","9":"instock","10":"shipping-taxable","11":"product-type-simple"},"yoast_head":"<!-- This site is optimized with the Yoast SEO plugin v27.4 - https:\/\/yoast.com\/product\/yoast-seo-wordpress\/ -->\n<title>Powerbank - Eneratec<\/title>\n<meta name=\"robots\" content=\"index, follow, max-snippet:-1, max-image-preview:large, max-video-preview:-1\" \/>\n<link rel=\"canonical\" href=\"https:\/\/eneratec.com\/hr\/product\/powerbank\/\" \/>\n<meta property=\"og:locale\" content=\"hr_HR\" \/>\n<meta property=\"og:type\" content=\"article\" \/>\n<meta property=\"og:title\" content=\"Powerbank - Eneratec\" \/>\n<meta property=\"og:description\" content=\"Birajte izme\u0111u modela koji nude 5 ili 10 punih punjenja prijenosnog ra\u010dunala , osiguravaju\u0107i da ostanete pod naponom gdje god se nalazili. Bez obzira radite li na daljinu ili ste u pokretu, na\u0161a baterija jam\u010di dugotrajnu izvedbu. Ne dopustite da vas slaba baterija prijenosnog ra\u010dunala sputava \u2013 na\u0161e rje\u0161enje omogu\u0107uje vam da budete povezani i produktivni, bez obzira gdje se nalazite.\" \/>\n<meta property=\"og:url\" content=\"https:\/\/eneratec.com\/hr\/product\/powerbank\/\" \/>\n<meta property=\"og:site_name\" content=\"Eneratec\" \/>\n<meta property=\"article:publisher\" content=\"https:\/\/www.facebook.com\/profile.php?id=61556497551936\" \/>\n<meta property=\"og:image\" content=\"https:\/\/eneratec.com\/wp-content\/uploads\/2024\/02\/eneratec_power_bank1.jpg\" \/>\n\t<meta property=\"og:image:width\" content=\"1500\" \/>\n\t<meta property=\"og:image:height\" content=\"969\" \/>\n\t<meta property=\"og:image:type\" content=\"image\/jpeg\" \/>\n<meta name=\"twitter:card\" content=\"summary_large_image\" \/>\n<script type=\"application\/ld+json\" class=\"yoast-schema-graph\">{\"@context\":\"https:\\\/\\\/schema.org\",\"@graph\":[{\"@type\":\"WebPage\",\"@id\":\"https:\\\/\\\/eneratec.com\\\/hr\\\/product\\\/powerbank\\\/\",\"url\":\"https:\\\/\\\/eneratec.com\\\/hr\\\/product\\\/powerbank\\\/\",\"name\":\"Powerbank - Eneratec\",\"isPartOf\":{\"@id\":\"https:\\\/\\\/eneratec.com\\\/hr\\\/#website\"},\"primaryImageOfPage\":{\"@id\":\"https:\\\/\\\/eneratec.com\\\/hr\\\/product\\\/powerbank\\\/#primaryimage\"},\"image\":{\"@id\":\"https:\\\/\\\/eneratec.com\\\/hr\\\/product\\\/powerbank\\\/#primaryimage\"},\"thumbnailUrl\":\"https:\\\/\\\/eneratec.com\\\/wp-content\\\/uploads\\\/2024\\\/02\\\/eneratec_power_bank1.jpg\",\"datePublished\":\"2025-06-23T10:41:24+00:00\",\"breadcrumb\":{\"@id\":\"https:\\\/\\\/eneratec.com\\\/hr\\\/product\\\/powerbank\\\/#breadcrumb\"},\"inLanguage\":\"hr\",\"potentialAction\":[{\"@type\":\"ReadAction\",\"target\":[\"https:\\\/\\\/eneratec.com\\\/hr\\\/product\\\/powerbank\\\/\"]}]},{\"@type\":\"ImageObject\",\"inLanguage\":\"hr\",\"@id\":\"https:\\\/\\\/eneratec.com\\\/hr\\\/product\\\/powerbank\\\/#primaryimage\",\"url\":\"https:\\\/\\\/eneratec.com\\\/wp-content\\\/uploads\\\/2024\\\/02\\\/eneratec_power_bank1.jpg\",\"contentUrl\":\"https:\\\/\\\/eneratec.com\\\/wp-content\\\/uploads\\\/2024\\\/02\\\/eneratec_power_bank1.jpg\",\"width\":1500,\"height\":969},{\"@type\":\"BreadcrumbList\",\"@id\":\"https:\\\/\\\/eneratec.com\\\/hr\\\/product\\\/powerbank\\\/#breadcrumb\",\"itemListElement\":[{\"@type\":\"ListItem\",\"position\":1,\"name\":\"Home\",\"item\":\"https:\\\/\\\/eneratec.com\\\/hr\\\/dom\\\/\"},{\"@type\":\"ListItem\",\"position\":2,\"name\":\"Shop\",\"item\":\"https:\\\/\\\/eneratec.com\\\/shop\\\/\"},{\"@type\":\"ListItem\",\"position\":3,\"name\":\"Powerbank\"}]},{\"@type\":\"WebSite\",\"@id\":\"https:\\\/\\\/eneratec.com\\\/hr\\\/#website\",\"url\":\"https:\\\/\\\/eneratec.com\\\/hr\\\/\",\"name\":\"Eneratec\",\"description\":\"We Build Energy\",\"publisher\":{\"@id\":\"https:\\\/\\\/eneratec.com\\\/hr\\\/#organization\"},\"potentialAction\":[{\"@type\":\"SearchAction\",\"target\":{\"@type\":\"EntryPoint\",\"urlTemplate\":\"https:\\\/\\\/eneratec.com\\\/hr\\\/?s={search_term_string}\"},\"query-input\":{\"@type\":\"PropertyValueSpecification\",\"valueRequired\":true,\"valueName\":\"search_term_string\"}}],\"inLanguage\":\"hr\"},{\"@type\":\"Organization\",\"@id\":\"https:\\\/\\\/eneratec.com\\\/hr\\\/#organization\",\"name\":\"Eneratec\",\"url\":\"https:\\\/\\\/eneratec.com\\\/hr\\\/\",\"logo\":{\"@type\":\"ImageObject\",\"inLanguage\":\"hr\",\"@id\":\"https:\\\/\\\/eneratec.com\\\/hr\\\/#\\\/schema\\\/logo\\\/image\\\/\",\"url\":\"https:\\\/\\\/eneratec.com\\\/wp-content\\\/uploads\\\/2024\\\/01\\\/eneratec_logo_color_hor.svg\",\"contentUrl\":\"https:\\\/\\\/eneratec.com\\\/wp-content\\\/uploads\\\/2024\\\/01\\\/eneratec_logo_color_hor.svg\",\"width\":\"1024\",\"height\":\"1024\",\"caption\":\"Eneratec\"},\"image\":{\"@id\":\"https:\\\/\\\/eneratec.com\\\/hr\\\/#\\\/schema\\\/logo\\\/image\\\/\"},\"sameAs\":[\"https:\\\/\\\/www.facebook.com\\\/profile.php?id=61556497551936\"]}]}<\/script>\n<!-- \/ Yoast SEO plugin. -->","yoast_head_json":{"title":"Powerbank - Eneratec","robots":{"index":"index","follow":"follow","max-snippet":"max-snippet:-1","max-image-preview":"max-image-preview:large","max-video-preview":"max-video-preview:-1"},"canonical":"https:\/\/eneratec.com\/hr\/product\/powerbank\/","og_locale":"hr_HR","og_type":"article","og_title":"Powerbank - Eneratec","og_description":"Birajte izme\u0111u modela koji nude 5 ili 10 punih punjenja prijenosnog ra\u010dunala , osiguravaju\u0107i da ostanete pod naponom gdje god se nalazili. Bez obzira radite li na daljinu ili ste u pokretu, na\u0161a baterija jam\u010di dugotrajnu izvedbu. Ne dopustite da vas slaba baterija prijenosnog ra\u010dunala sputava \u2013 na\u0161e rje\u0161enje omogu\u0107uje vam da budete povezani i produktivni, bez obzira gdje se nalazite.","og_url":"https:\/\/eneratec.com\/hr\/product\/powerbank\/","og_site_name":"Eneratec","article_publisher":"https:\/\/www.facebook.com\/profile.php?id=61556497551936","og_image":[{"width":1500,"height":969,"url":"https:\/\/eneratec.com\/wp-content\/uploads\/2024\/02\/eneratec_power_bank1.jpg","type":"image\/jpeg"}],"twitter_card":"summary_large_image","schema":{"@context":"https:\/\/schema.org","@graph":[{"@type":"WebPage","@id":"https:\/\/eneratec.com\/hr\/product\/powerbank\/","url":"https:\/\/eneratec.com\/hr\/product\/powerbank\/","name":"Powerbank - Eneratec","isPartOf":{"@id":"https:\/\/eneratec.com\/hr\/#website"},"primaryImageOfPage":{"@id":"https:\/\/eneratec.com\/hr\/product\/powerbank\/#primaryimage"},"image":{"@id":"https:\/\/eneratec.com\/hr\/product\/powerbank\/#primaryimage"},"thumbnailUrl":"https:\/\/eneratec.com\/wp-content\/uploads\/2024\/02\/eneratec_power_bank1.jpg","datePublished":"2025-06-23T10:41:24+00:00","breadcrumb":{"@id":"https:\/\/eneratec.com\/hr\/product\/powerbank\/#breadcrumb"},"inLanguage":"hr","potentialAction":[{"@type":"ReadAction","target":["https:\/\/eneratec.com\/hr\/product\/powerbank\/"]}]},{"@type":"ImageObject","inLanguage":"hr","@id":"https:\/\/eneratec.com\/hr\/product\/powerbank\/#primaryimage","url":"https:\/\/eneratec.com\/wp-content\/uploads\/2024\/02\/eneratec_power_bank1.jpg","contentUrl":"https:\/\/eneratec.com\/wp-content\/uploads\/2024\/02\/eneratec_power_bank1.jpg","width":1500,"height":969},{"@type":"BreadcrumbList","@id":"https:\/\/eneratec.com\/hr\/product\/powerbank\/#breadcrumb","itemListElement":[{"@type":"ListItem","position":1,"name":"Home","item":"https:\/\/eneratec.com\/hr\/dom\/"},{"@type":"ListItem","position":2,"name":"Shop","item":"https:\/\/eneratec.com\/shop\/"},{"@type":"ListItem","position":3,"name":"Powerbank"}]},{"@type":"WebSite","@id":"https:\/\/eneratec.com\/hr\/#website","url":"https:\/\/eneratec.com\/hr\/","name":"Eneratec","description":"We Build Energy","publisher":{"@id":"https:\/\/eneratec.com\/hr\/#organization"},"potentialAction":[{"@type":"SearchAction","target":{"@type":"EntryPoint","urlTemplate":"https:\/\/eneratec.com\/hr\/?s={search_term_string}"},"query-input":{"@type":"PropertyValueSpecification","valueRequired":true,"valueName":"search_term_string"}}],"inLanguage":"hr"},{"@type":"Organization","@id":"https:\/\/eneratec.com\/hr\/#organization","name":"Eneratec","url":"https:\/\/eneratec.com\/hr\/","logo":{"@type":"ImageObject","inLanguage":"hr","@id":"https:\/\/eneratec.com\/hr\/#\/schema\/logo\/image\/","url":"https:\/\/eneratec.com\/wp-content\/uploads\/2024\/01\/eneratec_logo_color_hor.svg","contentUrl":"https:\/\/eneratec.com\/wp-content\/uploads\/2024\/01\/eneratec_logo_color_hor.svg","width":"1024","height":"1024","caption":"Eneratec"},"image":{"@id":"https:\/\/eneratec.com\/hr\/#\/schema\/logo\/image\/"},"sameAs":["https:\/\/www.facebook.com\/profile.php?id=61556497551936"]}]}},"_links":{"self":[{"href":"https:\/\/eneratec.com\/hr\/wp-json\/wp\/v2\/product\/1148","targetHints":{"allow":["GET"]}}],"collection":[{"href":"https:\/\/eneratec.com\/hr\/wp-json\/wp\/v2\/product"}],"about":[{"href":"https:\/\/eneratec.com\/hr\/wp-json\/wp\/v2\/types\/product"}],"wp:featuredmedia":[{"embeddable":true,"href":"https:\/\/eneratec.com\/hr\/wp-json\/wp\/v2\/media\/724"}],"wp:attachment":[{"href":"https:\/\/eneratec.com\/hr\/wp-json\/wp\/v2\/media?parent=1148"}],"wp:term":[{"taxonomy":"product_brand","embeddable":true,"href":"https:\/\/eneratec.com\/hr\/wp-json\/wp\/v2\/product_brand?post=1148"},{"taxonomy":"product_cat","embeddable":true,"href":"https:\/\/eneratec.com\/hr\/wp-json\/wp\/v2\/product_cat?post=1148"},{"taxonomy":"product_tag","embeddable":true,"href":"https:\/\/eneratec.com\/hr\/wp-json\/wp\/v2\/product_tag?post=1148"}],"curies":[{"name":"wp","href":"https:\/\/api.w.org\/{rel}","templated":true}]}}