{"id":1139,"date":"2025-06-23T12:46:07","date_gmt":"2025-06-23T10:46:07","guid":{"rendered":"https:\/\/eneratec.com\/product\/agrimax\/"},"modified":"2025-09-16T11:51:32","modified_gmt":"2025-09-16T09:51:32","slug":"agrimax","status":"publish","type":"product","link":"https:\/\/eneratec.com\/hr\/product\/agrimax\/","title":{"rendered":"Agrimax"},"content":{"rendered":"<h1>Tehni\u010dki podaci:<\/h1>\n<p><strong>Trajanje baterije:<\/strong> 11 sati<br \/>\n<strong>Te\u017eina baterije:<\/strong> 4,2 Kg<br \/>\n<strong>Napon baterije:<\/strong> 50,4 V<br \/>\n<strong>Vrsta baterije:<\/strong> Li-ion<br \/>\n<strong>Prosje\u010dno vrijeme punjenja baterije:<\/strong> 6 sati 0-100%<br \/>\n<strong>Tip automatskog elektroni\u010dkog punja\u010da baterija:<\/strong> 3A<br \/>\n<strong>Jamstvo:<\/strong> Dvije godine<br \/>\n<strong>Ruksak:<\/strong> uklju\u010den<\/p>\n","protected":false},"excerpt":{"rendered":"<p>Na\u0161a inovativna, lagana baterija u stilu ruksaka va\u0161e je rje\u0161enje. Dizajniran je za udobnost i mobilnost, \u0161to vam omogu\u0107uje u\u010dinkovit rad s va\u0161im tresa\u010dom za berbu maslina. Iskoristite <strong>11 sati neprekidnog<\/strong> rada na brzom punjenju. S na\u0161im <strong>2-godi\u0161njim jamstvom<\/strong> napokon imate pouzdanu i prakti\u010dnu berbu. U\u010dinkovitije i ugodnije branje maslina uz na\u0161 napredni dizajn baterije.<\/p>\n","protected":false},"featured_media":721,"template":"","meta":{"_et_pb_use_builder":"","_et_pb_old_content":"","_et_gb_content_width":"","inline_featured_image":false},"product_brand":[],"product_cat":[40],"product_tag":[],"class_list":{"0":"post-1139","1":"product","2":"type-product","3":"status-publish","4":"has-post-thumbnail","6":"product_cat-agrimax-hr","8":"first","9":"instock","10":"shipping-taxable","11":"purchasable","12":"product-type-simple"},"yoast_head":"<!-- This site is optimized with the Yoast SEO plugin v27.4 - https:\/\/yoast.com\/product\/yoast-seo-wordpress\/ -->\n<title>Agrimax - Eneratec<\/title>\n<meta name=\"robots\" content=\"index, follow, max-snippet:-1, max-image-preview:large, max-video-preview:-1\" \/>\n<link rel=\"canonical\" href=\"https:\/\/eneratec.com\/hr\/product\/agrimax\/\" \/>\n<meta property=\"og:locale\" content=\"hr_HR\" \/>\n<meta property=\"og:type\" content=\"article\" \/>\n<meta property=\"og:title\" content=\"Agrimax - Eneratec\" \/>\n<meta property=\"og:description\" content=\"Na\u0161a inovativna, lagana baterija u stilu ruksaka va\u0161e je rje\u0161enje. Dizajniran je za udobnost i mobilnost, \u0161to vam omogu\u0107uje u\u010dinkovit rad s va\u0161im tresa\u010dom za berbu maslina. Iskoristite 11 sati neprekidnog rada na brzom punjenju. S na\u0161im 2-godi\u0161njim jamstvom napokon imate pouzdanu i prakti\u010dnu berbu. U\u010dinkovitije i ugodnije branje maslina uz na\u0161 napredni dizajn baterije.\" \/>\n<meta property=\"og:url\" content=\"https:\/\/eneratec.com\/hr\/product\/agrimax\/\" \/>\n<meta property=\"og:site_name\" content=\"Eneratec\" \/>\n<meta property=\"article:publisher\" content=\"https:\/\/www.facebook.com\/profile.php?id=61556497551936\" \/>\n<meta property=\"article:modified_time\" content=\"2025-09-16T09:51:32+00:00\" \/>\n<meta property=\"og:image\" content=\"https:\/\/eneratec.com\/wp-content\/uploads\/2024\/02\/eneratec_electric_agri_battery3.jpg\" \/>\n\t<meta property=\"og:image:width\" content=\"1500\" \/>\n\t<meta property=\"og:image:height\" content=\"969\" \/>\n\t<meta property=\"og:image:type\" content=\"image\/jpeg\" \/>\n<meta name=\"twitter:card\" content=\"summary_large_image\" \/>\n<meta name=\"twitter:label1\" content=\"Procijenjeno vrijeme \u010ditanja\" \/>\n\t<meta name=\"twitter:data1\" content=\"1 minuta\" \/>\n<script type=\"application\/ld+json\" class=\"yoast-schema-graph\">{\"@context\":\"https:\\\/\\\/schema.org\",\"@graph\":[{\"@type\":\"WebPage\",\"@id\":\"https:\\\/\\\/eneratec.com\\\/hr\\\/product\\\/agrimax\\\/\",\"url\":\"https:\\\/\\\/eneratec.com\\\/hr\\\/product\\\/agrimax\\\/\",\"name\":\"Agrimax - Eneratec\",\"isPartOf\":{\"@id\":\"https:\\\/\\\/eneratec.com\\\/hr\\\/#website\"},\"primaryImageOfPage\":{\"@id\":\"https:\\\/\\\/eneratec.com\\\/hr\\\/product\\\/agrimax\\\/#primaryimage\"},\"image\":{\"@id\":\"https:\\\/\\\/eneratec.com\\\/hr\\\/product\\\/agrimax\\\/#primaryimage\"},\"thumbnailUrl\":\"https:\\\/\\\/eneratec.com\\\/wp-content\\\/uploads\\\/2024\\\/02\\\/eneratec_electric_agri_battery3.jpg\",\"datePublished\":\"2025-06-23T10:46:07+00:00\",\"dateModified\":\"2025-09-16T09:51:32+00:00\",\"breadcrumb\":{\"@id\":\"https:\\\/\\\/eneratec.com\\\/hr\\\/product\\\/agrimax\\\/#breadcrumb\"},\"inLanguage\":\"hr\",\"potentialAction\":[{\"@type\":\"ReadAction\",\"target\":[\"https:\\\/\\\/eneratec.com\\\/hr\\\/product\\\/agrimax\\\/\"]}]},{\"@type\":\"ImageObject\",\"inLanguage\":\"hr\",\"@id\":\"https:\\\/\\\/eneratec.com\\\/hr\\\/product\\\/agrimax\\\/#primaryimage\",\"url\":\"https:\\\/\\\/eneratec.com\\\/wp-content\\\/uploads\\\/2024\\\/02\\\/eneratec_electric_agri_battery3.jpg\",\"contentUrl\":\"https:\\\/\\\/eneratec.com\\\/wp-content\\\/uploads\\\/2024\\\/02\\\/eneratec_electric_agri_battery3.jpg\",\"width\":1500,\"height\":969},{\"@type\":\"BreadcrumbList\",\"@id\":\"https:\\\/\\\/eneratec.com\\\/hr\\\/product\\\/agrimax\\\/#breadcrumb\",\"itemListElement\":[{\"@type\":\"ListItem\",\"position\":1,\"name\":\"Home\",\"item\":\"https:\\\/\\\/eneratec.com\\\/hr\\\/dom\\\/\"},{\"@type\":\"ListItem\",\"position\":2,\"name\":\"Shop\",\"item\":\"https:\\\/\\\/eneratec.com\\\/shop\\\/\"},{\"@type\":\"ListItem\",\"position\":3,\"name\":\"Agrimax\"}]},{\"@type\":\"WebSite\",\"@id\":\"https:\\\/\\\/eneratec.com\\\/hr\\\/#website\",\"url\":\"https:\\\/\\\/eneratec.com\\\/hr\\\/\",\"name\":\"Eneratec\",\"description\":\"We Build Energy\",\"publisher\":{\"@id\":\"https:\\\/\\\/eneratec.com\\\/hr\\\/#organization\"},\"potentialAction\":[{\"@type\":\"SearchAction\",\"target\":{\"@type\":\"EntryPoint\",\"urlTemplate\":\"https:\\\/\\\/eneratec.com\\\/hr\\\/?s={search_term_string}\"},\"query-input\":{\"@type\":\"PropertyValueSpecification\",\"valueRequired\":true,\"valueName\":\"search_term_string\"}}],\"inLanguage\":\"hr\"},{\"@type\":\"Organization\",\"@id\":\"https:\\\/\\\/eneratec.com\\\/hr\\\/#organization\",\"name\":\"Eneratec\",\"url\":\"https:\\\/\\\/eneratec.com\\\/hr\\\/\",\"logo\":{\"@type\":\"ImageObject\",\"inLanguage\":\"hr\",\"@id\":\"https:\\\/\\\/eneratec.com\\\/hr\\\/#\\\/schema\\\/logo\\\/image\\\/\",\"url\":\"https:\\\/\\\/eneratec.com\\\/wp-content\\\/uploads\\\/2024\\\/01\\\/eneratec_logo_color_hor.svg\",\"contentUrl\":\"https:\\\/\\\/eneratec.com\\\/wp-content\\\/uploads\\\/2024\\\/01\\\/eneratec_logo_color_hor.svg\",\"width\":\"1024\",\"height\":\"1024\",\"caption\":\"Eneratec\"},\"image\":{\"@id\":\"https:\\\/\\\/eneratec.com\\\/hr\\\/#\\\/schema\\\/logo\\\/image\\\/\"},\"sameAs\":[\"https:\\\/\\\/www.facebook.com\\\/profile.php?id=61556497551936\"]}]}<\/script>\n<!-- \/ Yoast SEO plugin. -->","yoast_head_json":{"title":"Agrimax - Eneratec","robots":{"index":"index","follow":"follow","max-snippet":"max-snippet:-1","max-image-preview":"max-image-preview:large","max-video-preview":"max-video-preview:-1"},"canonical":"https:\/\/eneratec.com\/hr\/product\/agrimax\/","og_locale":"hr_HR","og_type":"article","og_title":"Agrimax - Eneratec","og_description":"Na\u0161a inovativna, lagana baterija u stilu ruksaka va\u0161e je rje\u0161enje. Dizajniran je za udobnost i mobilnost, \u0161to vam omogu\u0107uje u\u010dinkovit rad s va\u0161im tresa\u010dom za berbu maslina. Iskoristite 11 sati neprekidnog rada na brzom punjenju. S na\u0161im 2-godi\u0161njim jamstvom napokon imate pouzdanu i prakti\u010dnu berbu. U\u010dinkovitije i ugodnije branje maslina uz na\u0161 napredni dizajn baterije.","og_url":"https:\/\/eneratec.com\/hr\/product\/agrimax\/","og_site_name":"Eneratec","article_publisher":"https:\/\/www.facebook.com\/profile.php?id=61556497551936","article_modified_time":"2025-09-16T09:51:32+00:00","og_image":[{"width":1500,"height":969,"url":"https:\/\/eneratec.com\/wp-content\/uploads\/2024\/02\/eneratec_electric_agri_battery3.jpg","type":"image\/jpeg"}],"twitter_card":"summary_large_image","twitter_misc":{"Procijenjeno vrijeme \u010ditanja":"1 minuta"},"schema":{"@context":"https:\/\/schema.org","@graph":[{"@type":"WebPage","@id":"https:\/\/eneratec.com\/hr\/product\/agrimax\/","url":"https:\/\/eneratec.com\/hr\/product\/agrimax\/","name":"Agrimax - Eneratec","isPartOf":{"@id":"https:\/\/eneratec.com\/hr\/#website"},"primaryImageOfPage":{"@id":"https:\/\/eneratec.com\/hr\/product\/agrimax\/#primaryimage"},"image":{"@id":"https:\/\/eneratec.com\/hr\/product\/agrimax\/#primaryimage"},"thumbnailUrl":"https:\/\/eneratec.com\/wp-content\/uploads\/2024\/02\/eneratec_electric_agri_battery3.jpg","datePublished":"2025-06-23T10:46:07+00:00","dateModified":"2025-09-16T09:51:32+00:00","breadcrumb":{"@id":"https:\/\/eneratec.com\/hr\/product\/agrimax\/#breadcrumb"},"inLanguage":"hr","potentialAction":[{"@type":"ReadAction","target":["https:\/\/eneratec.com\/hr\/product\/agrimax\/"]}]},{"@type":"ImageObject","inLanguage":"hr","@id":"https:\/\/eneratec.com\/hr\/product\/agrimax\/#primaryimage","url":"https:\/\/eneratec.com\/wp-content\/uploads\/2024\/02\/eneratec_electric_agri_battery3.jpg","contentUrl":"https:\/\/eneratec.com\/wp-content\/uploads\/2024\/02\/eneratec_electric_agri_battery3.jpg","width":1500,"height":969},{"@type":"BreadcrumbList","@id":"https:\/\/eneratec.com\/hr\/product\/agrimax\/#breadcrumb","itemListElement":[{"@type":"ListItem","position":1,"name":"Home","item":"https:\/\/eneratec.com\/hr\/dom\/"},{"@type":"ListItem","position":2,"name":"Shop","item":"https:\/\/eneratec.com\/shop\/"},{"@type":"ListItem","position":3,"name":"Agrimax"}]},{"@type":"WebSite","@id":"https:\/\/eneratec.com\/hr\/#website","url":"https:\/\/eneratec.com\/hr\/","name":"Eneratec","description":"We Build Energy","publisher":{"@id":"https:\/\/eneratec.com\/hr\/#organization"},"potentialAction":[{"@type":"SearchAction","target":{"@type":"EntryPoint","urlTemplate":"https:\/\/eneratec.com\/hr\/?s={search_term_string}"},"query-input":{"@type":"PropertyValueSpecification","valueRequired":true,"valueName":"search_term_string"}}],"inLanguage":"hr"},{"@type":"Organization","@id":"https:\/\/eneratec.com\/hr\/#organization","name":"Eneratec","url":"https:\/\/eneratec.com\/hr\/","logo":{"@type":"ImageObject","inLanguage":"hr","@id":"https:\/\/eneratec.com\/hr\/#\/schema\/logo\/image\/","url":"https:\/\/eneratec.com\/wp-content\/uploads\/2024\/01\/eneratec_logo_color_hor.svg","contentUrl":"https:\/\/eneratec.com\/wp-content\/uploads\/2024\/01\/eneratec_logo_color_hor.svg","width":"1024","height":"1024","caption":"Eneratec"},"image":{"@id":"https:\/\/eneratec.com\/hr\/#\/schema\/logo\/image\/"},"sameAs":["https:\/\/www.facebook.com\/profile.php?id=61556497551936"]}]}},"_links":{"self":[{"href":"https:\/\/eneratec.com\/hr\/wp-json\/wp\/v2\/product\/1139","targetHints":{"allow":["GET"]}}],"collection":[{"href":"https:\/\/eneratec.com\/hr\/wp-json\/wp\/v2\/product"}],"about":[{"href":"https:\/\/eneratec.com\/hr\/wp-json\/wp\/v2\/types\/product"}],"wp:featuredmedia":[{"embeddable":true,"href":"https:\/\/eneratec.com\/hr\/wp-json\/wp\/v2\/media\/721"}],"wp:attachment":[{"href":"https:\/\/eneratec.com\/hr\/wp-json\/wp\/v2\/media?parent=1139"}],"wp:term":[{"taxonomy":"product_brand","embeddable":true,"href":"https:\/\/eneratec.com\/hr\/wp-json\/wp\/v2\/product_brand?post=1139"},{"taxonomy":"product_cat","embeddable":true,"href":"https:\/\/eneratec.com\/hr\/wp-json\/wp\/v2\/product_cat?post=1139"},{"taxonomy":"product_tag","embeddable":true,"href":"https:\/\/eneratec.com\/hr\/wp-json\/wp\/v2\/product_tag?post=1139"}],"curies":[{"name":"wp","href":"https:\/\/api.w.org\/{rel}","templated":true}]}}