{"id":786,"date":"2024-01-16T08:15:35","date_gmt":"2024-01-16T07:15:35","guid":{"rendered":"https:\/\/eneratec.com\/elektronicki-popravci\/"},"modified":"2025-03-22T15:02:17","modified_gmt":"2025-03-22T14:02:17","slug":"elektronicki-popravci","status":"publish","type":"page","link":"https:\/\/eneratec.com\/hr\/elektronicki-popravci\/","title":{"rendered":"Elektroni\u010dki popravci"},"content":{"rendered":"<p>[et_pb_section fb_built=&#8221;1&#8243; admin_label=&#8221;Intro&#8221; _builder_version=&#8221;4.24.0&#8243; _module_preset=&#8221;default&#8221; global_colors_info=&#8221;{}&#8221; theme_builder_area=&#8221;post_content&#8221;][et_pb_row column_structure=&#8221;1_2,1_2&#8243; _builder_version=&#8221;4.24.0&#8243; _module_preset=&#8221;default&#8221; custom_css_main_element=&#8221;align-items: center;&#8221; global_colors_info=&#8221;{}&#8221; theme_builder_area=&#8221;post_content&#8221;][et_pb_column type=&#8221;1_2&#8243; _builder_version=&#8221;4.24.0&#8243; _module_preset=&#8221;default&#8221; global_colors_info=&#8221;{}&#8221; theme_builder_area=&#8221;post_content&#8221;][et_pb_text _builder_version=&#8221;4.24.0&#8243; _module_preset=&#8221;default&#8221; header_font=&#8221;|700|||||||&#8221; header_font_size=&#8221;40px&#8221; global_colors_info=&#8221;{}&#8221; theme_builder_area=&#8221;post_content&#8221;]<\/p>\n<h1>Stru\u010dnost u elektroni\u010dkim popravcima<\/h1>\n<p>[\/et_pb_text][et_pb_divider divider_weight=&#8221;5px&#8221; disabled_on=&#8221;off|off|on&#8221; _builder_version=&#8221;4.24.0&#8243; _module_preset=&#8221;default&#8221; width=&#8221;50px&#8221; global_colors_info=&#8221;{}&#8221; theme_builder_area=&#8221;post_content&#8221;][\/et_pb_divider][\/et_pb_column][et_pb_column type=&#8221;1_2&#8243; _builder_version=&#8221;4.24.0&#8243; _module_preset=&#8221;default&#8221; custom_padding=&#8221;|||50px|false|false&#8221; custom_padding_tablet=&#8221;|||0px|false|false&#8221; custom_padding_phone=&#8221;|||0px|false|false&#8221; custom_padding_last_edited=&#8221;on|tablet&#8221; border_width_left=&#8221;5px&#8221; border_color_left=&#8221;#FF5B23&#8243; border_width_left_tablet=&#8221;0px&#8221; border_width_left_phone=&#8221;0px&#8221; border_width_left_last_edited=&#8221;on|tablet&#8221; global_colors_info=&#8221;{}&#8221; theme_builder_area=&#8221;post_content&#8221;][et_pb_text _builder_version=&#8221;4.24.0&#8243; _module_preset=&#8221;default&#8221; global_colors_info=&#8221;{}&#8221; theme_builder_area=&#8221;post_content&#8221;]<\/p>\n<h1>U <strong>Eneratecu<\/strong> je Va\u0161e rje\u0161enje na\u0161 prioritet<\/h1>\n<p>[\/et_pb_text][et_pb_text _builder_version=&#8221;4.24.0&#8243; _module_preset=&#8221;default&#8221; global_colors_info=&#8221;{}&#8221; theme_builder_area=&#8221;post_content&#8221;]<\/p>\n<p>U dinami\u010dnom svijetu elektronike, posebno u pomorskoj elektronici, pouzdanost i preciznost nisu samo zahtjevi, ve\u0107 esencijalni za svako rje\u0161enje koje koristite.<\/p>\n<p>Specijalizirani za proizvodnju baterija i napredne popravke elektroni\u010dkih sklopova, na\u0161a stru\u010dnost va\u0161a je sigurna luka za sve slo\u017eene elektri\u010dne izazove.<\/p>\n<p>[\/et_pb_text][\/et_pb_column][\/et_pb_row][\/et_pb_section][et_pb_section fb_built=&#8221;1&#8243; fullwidth=&#8221;on&#8221; disabled_on=&#8221;off|off|on&#8221; admin_label=&#8221;Fullwidth image&#8221; _builder_version=&#8221;4.24.0&#8243; _module_preset=&#8221;default&#8221; global_colors_info=&#8221;{}&#8221; theme_builder_area=&#8221;post_content&#8221;][et_pb_fullwidth_image src=&#8221;https:\/\/eneratec.com\/wp-content\/uploads\/2024\/01\/enertec_background_06.jpg&#8221; title_text=&#8221;enertec_pozadina_06&#8243; _builder_version=&#8221;4.24.0&#8243; _module_preset=&#8221;default&#8221; global_colors_info=&#8221;{}&#8221; theme_builder_area=&#8221;post_content&#8221;][\/et_pb_fullwidth_image][\/et_pb_section][et_pb_section fb_built=&#8221;1&#8243; admin_label=&#8221;Mid&#8221; _builder_version=&#8221;4.24.0&#8243; _module_preset=&#8221;default&#8221; background_color=&#8221;#f4f4f4&#8243; use_background_color_gradient=&#8221;on&#8221; background_color_gradient_direction=&#8221;200deg&#8221; background_color_gradient_stops=&#8221;rgba(255,255,255,0) 0%|#ffffff 50%&#8221; background_color_gradient_overlays_image=&#8221;on&#8221; background_image=&#8221;https:\/\/eneratec.com\/wp-content\/uploads\/2024\/01\/enertec_background_06.jpg&#8221; parallax=&#8221;on&#8221; parallax_method=&#8221;off&#8221; background_last_edited=&#8221;on|desktop&#8221; background_enable_image_tablet=&#8221;off&#8221; global_colors_info=&#8221;{}&#8221; theme_builder_area=&#8221;post_content&#8221;][et_pb_row column_structure=&#8221;1_2,1_2&#8243; _builder_version=&#8221;4.24.0&#8243; _module_preset=&#8221;default&#8221; custom_css_main_element=&#8221;align-items: center;&#8221; global_colors_info=&#8221;{}&#8221; theme_builder_area=&#8221;post_content&#8221;][et_pb_column type=&#8221;1_2&#8243; _builder_version=&#8221;4.24.0&#8243; _module_preset=&#8221;default&#8221; global_colors_info=&#8221;{}&#8221; theme_builder_area=&#8221;post_content&#8221;][et_pb_text _builder_version=&#8221;4.24.0&#8243; _module_preset=&#8221;default&#8221; text_font=&#8221;||||||||&#8221; header_font=&#8221;|700|||||||&#8221; header_font_size=&#8221;40px&#8221; global_colors_info=&#8221;{}&#8221; theme_builder_area=&#8221;post_content&#8221;]<\/p>\n<h1>Za\u0161to odabrati nas za svoju elektroniku?<\/h1>\n<p>[\/et_pb_text][et_pb_divider divider_weight=&#8221;5px&#8221; _builder_version=&#8221;4.24.0&#8243; _module_preset=&#8221;default&#8221; width=&#8221;50px&#8221; global_colors_info=&#8221;{}&#8221; theme_builder_area=&#8221;post_content&#8221;][\/et_pb_divider][et_pb_blurb title=&#8221;Isplativa rje\u0161enja&#8221; use_icon=&#8221;on&#8221; font_icon=&#8221;&#xf101;||fa||900&#8243; icon_color=&#8221;#FF5B23&#8243; icon_placement=&#8221;left&#8221; image_icon_width=&#8221;22px&#8221; _builder_version=&#8221;4.24.0&#8243; _module_preset=&#8221;default&#8221; header_level=&#8221;h3&#8243; header_font=&#8221;|700|||||||&#8221; animation=&#8221;off&#8221; global_colors_info=&#8221;{}&#8221; theme_builder_area=&#8221;post_content&#8221;]<\/p>\n<p>Za\u0161to zamijeniti kada mo\u017eete popraviti? Na\u0161i vje\u0161ti tehni\u010dari udahnjuju novi \u017eivot va\u0161im anemometrima, nude\u0107i isplativu alternativu kupnji nove opreme. U\u017eivajte u vrhunskoj funkcionalnosti u pola cijene.<\/p>\n<p>[\/et_pb_blurb][et_pb_blurb title=&#8221;Stru\u010dnost \u0161irokog spektra&#8221; use_icon=&#8221;on&#8221; font_icon=&#8221;&#xf101;||fa||900&#8243; icon_color=&#8221;#FF5B23&#8243; icon_placement=&#8221;left&#8221; image_icon_width=&#8221;22px&#8221; _builder_version=&#8221;4.24.0&#8243; _module_preset=&#8221;default&#8221; header_level=&#8221;h3&#8243; header_font=&#8221;|700|||||||&#8221; animation=&#8221;off&#8221; global_colors_info=&#8221;{}&#8221; theme_builder_area=&#8221;post_content&#8221;]<\/p>\n<p>Od najmanje baterije do najslo\u017eenijeg kruga, na\u0161 tim rje\u0161ava \u0161irok raspon elektroni\u010dkih problema. Bilo da se radi o jahti, kruzeru ili bilo kojem drugom brodu, opremljeni smo za rje\u0161avanje va\u0161ih najzahtjevnijih elektri\u010dnih problema.<\/p>\n<p>[\/et_pb_blurb][et_pb_blurb title=&#8221;Kvaliteta i pouzdanost bez premca&#8221; use_icon=&#8221;on&#8221; font_icon=&#8221;&#xf101;||fa||900&#8243; icon_color=&#8221;#FF5B23&#8243; icon_placement=&#8221;left&#8221; image_icon_width=&#8221;22px&#8221; _builder_version=&#8221;4.24.0&#8243; _module_preset=&#8221;default&#8221; header_level=&#8221;h3&#8243; header_font=&#8221;|700|||||||&#8221; animation=&#8221;off&#8221; global_colors_info=&#8221;{}&#8221; theme_builder_area=&#8221;post_content&#8221;]<\/p>\n<p>Uz flote na\u0161ih zadovoljnih klijenata, na\u0161 rad govori sam za sebe. Ne popravljamo samo va\u0161u elektroniku; osiguravamo da izdr\u017ee testove vremena i mijena.<\/p>\n<p>[\/et_pb_blurb][et_pb_blurb title=&#8221;Usluge po mjeri&#8221; use_icon=&#8221;on&#8221; font_icon=&#8221;&#xf101;||fa||900&#8243; icon_color=&#8221;#FF5B23&#8243; icon_placement=&#8221;left&#8221; image_icon_width=&#8221;22px&#8221; _builder_version=&#8221;4.24.0&#8243; _module_preset=&#8221;default&#8221; header_level=&#8221;h3&#8243; header_font=&#8221;|700|||||||&#8221; animation=&#8221;off&#8221; global_colors_info=&#8221;{}&#8221; theme_builder_area=&#8221;post_content&#8221;]<\/p>\n<p>Svako plovilo ima svoje jedinstvene potrebe. Pru\u017eamo personalizirana rje\u0161enja koja zadovoljavaju va\u0161e specifi\u010dne zahtjeve, osiguravaju\u0107i da va\u0161a elektronika nije samo popravljena, ve\u0107 optimizirana za va\u0161e pomorsko putovanje.<\/p>\n<p>[\/et_pb_blurb][et_pb_blurb title=&#8221;Specijaliziran za anemometre za jahte&#8221; use_icon=&#8221;on&#8221; font_icon=&#8221;&#xf101;||fa||900&#8243; icon_color=&#8221;#FF5B23&#8243; icon_placement=&#8221;left&#8221; image_icon_width=&#8221;22px&#8221; _builder_version=&#8221;4.24.0&#8243; _module_preset=&#8221;default&#8221; header_level=&#8221;h3&#8243; header_font=&#8221;|700|||||||&#8221; animation=&#8221;off&#8221; global_colors_info=&#8221;{}&#8221; theme_builder_area=&#8221;post_content&#8221;]<\/p>\n<p>Shva\u0107amo va\u017enost to\u010dnog mjerenja vjetra. Na\u0161e veliko iskustvo u popravcima anemometara za jahte zna\u010di da va\u0161u opremu mo\u017eemo vratiti u optimalno stanje, osiguravaju\u0107i besprijekorno iskustvo plovidbe.<\/p>\n<p>[\/et_pb_blurb][\/et_pb_column][et_pb_column type=&#8221;1_2&#8243; _builder_version=&#8221;4.24.0&#8243; _module_preset=&#8221;default&#8221; global_colors_info=&#8221;{}&#8221; theme_builder_area=&#8221;post_content&#8221;][\/et_pb_column][\/et_pb_row][\/et_pb_section][et_pb_section fb_built=&#8221;1&#8243; admin_label=&#8221;CTA&#8221; _builder_version=&#8221;4.24.0&#8243; _module_preset=&#8221;default&#8221; background_color=&#8221;#FF5B23&#8243; global_colors_info=&#8221;{}&#8221; theme_builder_area=&#8221;post_content&#8221;][et_pb_row column_structure=&#8221;1_2,1_2&#8243; _builder_version=&#8221;4.24.0&#8243; _module_preset=&#8221;default&#8221; custom_padding=&#8221;||||false|false&#8221; custom_css_main_element=&#8221;align-items: center;&#8221; global_colors_info=&#8221;{}&#8221; theme_builder_area=&#8221;post_content&#8221;][et_pb_column type=&#8221;1_2&#8243; _builder_version=&#8221;4.24.0&#8243; _module_preset=&#8221;default&#8221; global_colors_info=&#8221;{}&#8221; theme_builder_area=&#8221;post_content&#8221;][et_pb_text _builder_version=&#8221;4.24.0&#8243; _module_preset=&#8221;default&#8221; header_font=&#8221;|700|||||||&#8221; header_font_size=&#8221;40px&#8221; background_layout=&#8221;dark&#8221; locked=&#8221;off&#8221; global_colors_info=&#8221;{}&#8221; theme_builder_area=&#8221;post_content&#8221;]<\/p>\n<h1>Svladajmo va\u0161e elektri\u010dne izazove zajedno<\/h1>\n<p>[\/et_pb_text][et_pb_divider color=&#8221;#FFFFFF&#8221; divider_weight=&#8221;5px&#8221; disabled_on=&#8221;off|off|on&#8221; _builder_version=&#8221;4.24.0&#8243; _module_preset=&#8221;default&#8221; width=&#8221;50px&#8221; locked=&#8221;off&#8221; global_colors_info=&#8221;{}&#8221; theme_builder_area=&#8221;post_content&#8221;][\/et_pb_divider][\/et_pb_column][et_pb_column type=&#8221;1_2&#8243; _builder_version=&#8221;4.24.0&#8243; _module_preset=&#8221;default&#8221; custom_padding=&#8221;|||50px|false|false&#8221; custom_padding_tablet=&#8221;|||0px|false|false&#8221; custom_padding_phone=&#8221;|||0px|false|false&#8221; custom_padding_last_edited=&#8221;on|tablet&#8221; border_width_left=&#8221;5px&#8221; border_color_left=&#8221;#FFFFFF&#8221; border_width_left_tablet=&#8221;0px&#8221; border_width_left_phone=&#8221;0px&#8221; border_width_left_last_edited=&#8221;on|tablet&#8221; global_colors_info=&#8221;{}&#8221; theme_builder_area=&#8221;post_content&#8221;][et_pb_text _builder_version=&#8221;4.24.2&#8243; _module_preset=&#8221;default&#8221; link_text_color=&#8221;#191932&#8243; background_layout=&#8221;dark&#8221; hover_enabled=&#8221;0&#8243; locked=&#8221;off&#8221; global_colors_info=&#8221;{}&#8221; theme_builder_area=&#8221;post_content&#8221; sticky_enabled=&#8221;0&#8243;]<\/p>\n<p>Jeste li spremni zaploviti s povjerenjem? Kontaktirajte nas danas.<\/p>\n<p>U <strong>Eneratecu<\/strong> smo posve\u0107eni osiguravanju da je va\u0161a brodska elektronika uvijek u vrhunskom stanju, tako da se mo\u017eete usredoto\u010diti na ono \u0161to je uistinu va\u017eno \u2013 avanturu koja je pred vama.<\/p>\n<p>[\/et_pb_text][et_pb_button button_url=&#8221;@ET-DC@eyJkeW5hbWljIjp0cnVlLCJjb250ZW50IjoicG9zdF9saW5rX3VybF9wYWdlIiwic2V0dGluZ3MiOnsicG9zdF9pZCI6IjYwIn19@&#8221; button_text=&#8221;Saznajte vi\u0161e&#8221; _builder_version=&#8221;4.24.0&#8243; _dynamic_attributes=&#8221;button_url&#8221; _module_preset=&#8221;default&#8221; custom_button=&#8221;on&#8221; button_text_size=&#8221;16px&#8221; button_text_color=&#8221;#FFFFFF&#8221; button_border_color=&#8221;#FFFFFF&#8221; button_border_radius=&#8221;10px&#8221; button_letter_spacing=&#8221;1px&#8221; button_font=&#8221;Montserrat|600||on|||||&#8221; button_use_icon=&#8221;off&#8221; locked=&#8221;off&#8221; global_colors_info=&#8221;{}&#8221; button_bg_color__hover_enabled=&#8221;on|hover&#8221; button_bg_color__hover=&#8221;#191932&#8243; button_bg_enable_color__hover=&#8221;on&#8221; button_border_color__hover_enabled=&#8221;on|hover&#8221; button_border_color__hover=&#8221;#191932&#8243; theme_builder_area=&#8221;post_content&#8221;][\/et_pb_button][\/et_pb_column][\/et_pb_row][\/et_pb_section]<\/p>\n","protected":false},"excerpt":{"rendered":"<p>Stru\u010dnost u elektroni\u010dkim popravcimaU Eneratecu je Va\u0161e rje\u0161enje na\u0161 prioritetU dinami\u010dnom svijetu elektronike, posebno u pomorskoj elektronici, pouzdanost i preciznost nisu samo zahtjevi, ve\u0107 esencijalni za svako rje\u0161enje koje koristite. Specijalizirani za proizvodnju baterija i napredne popravke elektroni\u010dkih sklopova, na\u0161a stru\u010dnost va\u0161a je sigurna luka za sve slo\u017eene elektri\u010dne izazove.Za\u0161to odabrati nas za svoju elektroniku?Za\u0161to [&hellip;]<\/p>\n","protected":false},"author":1,"featured_media":673,"parent":0,"menu_order":0,"comment_status":"closed","ping_status":"closed","template":"","meta":{"_et_pb_use_builder":"on","_et_pb_old_content":"","_et_gb_content_width":"","inline_featured_image":false,"footnotes":""},"class_list":["post-786","page","type-page","status-publish","has-post-thumbnail","hentry"],"yoast_head":"<!-- This site is optimized with the Yoast SEO plugin v27.4 - https:\/\/yoast.com\/product\/yoast-seo-wordpress\/ -->\n<title>Elektroni\u010dki popravci - Eneratec<\/title>\n<meta name=\"robots\" content=\"index, follow, max-snippet:-1, max-image-preview:large, max-video-preview:-1\" \/>\n<link rel=\"canonical\" href=\"https:\/\/eneratec.com\/hr\/elektronicki-popravci\/\" \/>\n<meta property=\"og:locale\" content=\"hr_HR\" \/>\n<meta property=\"og:type\" content=\"article\" \/>\n<meta property=\"og:title\" content=\"Elektroni\u010dki popravci - Eneratec\" \/>\n<meta property=\"og:description\" content=\"Stru\u010dnost u elektroni\u010dkim popravcimaU Eneratecu je Va\u0161e rje\u0161enje na\u0161 prioritetU dinami\u010dnom svijetu elektronike, posebno u pomorskoj elektronici, pouzdanost i preciznost nisu samo zahtjevi, ve\u0107 esencijalni za svako rje\u0161enje koje koristite. Specijalizirani za proizvodnju baterija i napredne popravke elektroni\u010dkih sklopova, na\u0161a stru\u010dnost va\u0161a je sigurna luka za sve slo\u017eene elektri\u010dne izazove.Za\u0161to odabrati nas za svoju elektroniku?Za\u0161to [&hellip;]\" \/>\n<meta property=\"og:url\" content=\"https:\/\/eneratec.com\/hr\/elektronicki-popravci\/\" \/>\n<meta property=\"og:site_name\" content=\"Eneratec\" \/>\n<meta property=\"article:publisher\" content=\"https:\/\/www.facebook.com\/profile.php?id=61556497551936\" \/>\n<meta property=\"article:modified_time\" content=\"2025-03-22T14:02:17+00:00\" \/>\n<meta property=\"og:image\" content=\"https:\/\/eneratec.com\/wp-content\/uploads\/2024\/01\/enertec_background_07.jpg\" \/>\n\t<meta property=\"og:image:width\" content=\"2000\" \/>\n\t<meta property=\"og:image:height\" content=\"1328\" \/>\n\t<meta property=\"og:image:type\" content=\"image\/jpeg\" \/>\n<meta name=\"twitter:card\" content=\"summary_large_image\" \/>\n<meta name=\"twitter:label1\" content=\"Procijenjeno vrijeme \u010ditanja\" \/>\n\t<meta name=\"twitter:data1\" content=\"7 minuta\" \/>\n<script type=\"application\/ld+json\" class=\"yoast-schema-graph\">{\"@context\":\"https:\\\/\\\/schema.org\",\"@graph\":[{\"@type\":\"WebPage\",\"@id\":\"https:\\\/\\\/eneratec.com\\\/hr\\\/elektronicki-popravci\\\/\",\"url\":\"https:\\\/\\\/eneratec.com\\\/hr\\\/elektronicki-popravci\\\/\",\"name\":\"Elektroni\u010dki popravci - Eneratec\",\"isPartOf\":{\"@id\":\"https:\\\/\\\/eneratec.com\\\/hr\\\/#website\"},\"primaryImageOfPage\":{\"@id\":\"https:\\\/\\\/eneratec.com\\\/hr\\\/elektronicki-popravci\\\/#primaryimage\"},\"image\":{\"@id\":\"https:\\\/\\\/eneratec.com\\\/hr\\\/elektronicki-popravci\\\/#primaryimage\"},\"thumbnailUrl\":\"https:\\\/\\\/eneratec.com\\\/wp-content\\\/uploads\\\/2024\\\/01\\\/enertec_background_07.jpg\",\"datePublished\":\"2024-01-16T07:15:35+00:00\",\"dateModified\":\"2025-03-22T14:02:17+00:00\",\"breadcrumb\":{\"@id\":\"https:\\\/\\\/eneratec.com\\\/hr\\\/elektronicki-popravci\\\/#breadcrumb\"},\"inLanguage\":\"hr\",\"potentialAction\":[{\"@type\":\"ReadAction\",\"target\":[\"https:\\\/\\\/eneratec.com\\\/hr\\\/elektronicki-popravci\\\/\"]}]},{\"@type\":\"ImageObject\",\"inLanguage\":\"hr\",\"@id\":\"https:\\\/\\\/eneratec.com\\\/hr\\\/elektronicki-popravci\\\/#primaryimage\",\"url\":\"https:\\\/\\\/eneratec.com\\\/wp-content\\\/uploads\\\/2024\\\/01\\\/enertec_background_07.jpg\",\"contentUrl\":\"https:\\\/\\\/eneratec.com\\\/wp-content\\\/uploads\\\/2024\\\/01\\\/enertec_background_07.jpg\",\"width\":2000,\"height\":1328},{\"@type\":\"BreadcrumbList\",\"@id\":\"https:\\\/\\\/eneratec.com\\\/hr\\\/elektronicki-popravci\\\/#breadcrumb\",\"itemListElement\":[{\"@type\":\"ListItem\",\"position\":1,\"name\":\"Home\",\"item\":\"https:\\\/\\\/eneratec.com\\\/hr\\\/dom\\\/\"},{\"@type\":\"ListItem\",\"position\":2,\"name\":\"Elektroni\u010dki popravci\"}]},{\"@type\":\"WebSite\",\"@id\":\"https:\\\/\\\/eneratec.com\\\/hr\\\/#website\",\"url\":\"https:\\\/\\\/eneratec.com\\\/hr\\\/\",\"name\":\"Eneratec\",\"description\":\"We Build Energy\",\"publisher\":{\"@id\":\"https:\\\/\\\/eneratec.com\\\/hr\\\/#organization\"},\"potentialAction\":[{\"@type\":\"SearchAction\",\"target\":{\"@type\":\"EntryPoint\",\"urlTemplate\":\"https:\\\/\\\/eneratec.com\\\/hr\\\/?s={search_term_string}\"},\"query-input\":{\"@type\":\"PropertyValueSpecification\",\"valueRequired\":true,\"valueName\":\"search_term_string\"}}],\"inLanguage\":\"hr\"},{\"@type\":\"Organization\",\"@id\":\"https:\\\/\\\/eneratec.com\\\/hr\\\/#organization\",\"name\":\"Eneratec\",\"url\":\"https:\\\/\\\/eneratec.com\\\/hr\\\/\",\"logo\":{\"@type\":\"ImageObject\",\"inLanguage\":\"hr\",\"@id\":\"https:\\\/\\\/eneratec.com\\\/hr\\\/#\\\/schema\\\/logo\\\/image\\\/\",\"url\":\"https:\\\/\\\/eneratec.com\\\/wp-content\\\/uploads\\\/2024\\\/01\\\/eneratec_logo_color_hor.svg\",\"contentUrl\":\"https:\\\/\\\/eneratec.com\\\/wp-content\\\/uploads\\\/2024\\\/01\\\/eneratec_logo_color_hor.svg\",\"width\":\"1024\",\"height\":\"1024\",\"caption\":\"Eneratec\"},\"image\":{\"@id\":\"https:\\\/\\\/eneratec.com\\\/hr\\\/#\\\/schema\\\/logo\\\/image\\\/\"},\"sameAs\":[\"https:\\\/\\\/www.facebook.com\\\/profile.php?id=61556497551936\"]}]}<\/script>\n<!-- \/ Yoast SEO plugin. -->","yoast_head_json":{"title":"Elektroni\u010dki popravci - Eneratec","robots":{"index":"index","follow":"follow","max-snippet":"max-snippet:-1","max-image-preview":"max-image-preview:large","max-video-preview":"max-video-preview:-1"},"canonical":"https:\/\/eneratec.com\/hr\/elektronicki-popravci\/","og_locale":"hr_HR","og_type":"article","og_title":"Elektroni\u010dki popravci - Eneratec","og_description":"Stru\u010dnost u elektroni\u010dkim popravcimaU Eneratecu je Va\u0161e rje\u0161enje na\u0161 prioritetU dinami\u010dnom svijetu elektronike, posebno u pomorskoj elektronici, pouzdanost i preciznost nisu samo zahtjevi, ve\u0107 esencijalni za svako rje\u0161enje koje koristite. Specijalizirani za proizvodnju baterija i napredne popravke elektroni\u010dkih sklopova, na\u0161a stru\u010dnost va\u0161a je sigurna luka za sve slo\u017eene elektri\u010dne izazove.Za\u0161to odabrati nas za svoju elektroniku?Za\u0161to [&hellip;]","og_url":"https:\/\/eneratec.com\/hr\/elektronicki-popravci\/","og_site_name":"Eneratec","article_publisher":"https:\/\/www.facebook.com\/profile.php?id=61556497551936","article_modified_time":"2025-03-22T14:02:17+00:00","og_image":[{"width":2000,"height":1328,"url":"https:\/\/eneratec.com\/wp-content\/uploads\/2024\/01\/enertec_background_07.jpg","type":"image\/jpeg"}],"twitter_card":"summary_large_image","twitter_misc":{"Procijenjeno vrijeme \u010ditanja":"7 minuta"},"schema":{"@context":"https:\/\/schema.org","@graph":[{"@type":"WebPage","@id":"https:\/\/eneratec.com\/hr\/elektronicki-popravci\/","url":"https:\/\/eneratec.com\/hr\/elektronicki-popravci\/","name":"Elektroni\u010dki popravci - Eneratec","isPartOf":{"@id":"https:\/\/eneratec.com\/hr\/#website"},"primaryImageOfPage":{"@id":"https:\/\/eneratec.com\/hr\/elektronicki-popravci\/#primaryimage"},"image":{"@id":"https:\/\/eneratec.com\/hr\/elektronicki-popravci\/#primaryimage"},"thumbnailUrl":"https:\/\/eneratec.com\/wp-content\/uploads\/2024\/01\/enertec_background_07.jpg","datePublished":"2024-01-16T07:15:35+00:00","dateModified":"2025-03-22T14:02:17+00:00","breadcrumb":{"@id":"https:\/\/eneratec.com\/hr\/elektronicki-popravci\/#breadcrumb"},"inLanguage":"hr","potentialAction":[{"@type":"ReadAction","target":["https:\/\/eneratec.com\/hr\/elektronicki-popravci\/"]}]},{"@type":"ImageObject","inLanguage":"hr","@id":"https:\/\/eneratec.com\/hr\/elektronicki-popravci\/#primaryimage","url":"https:\/\/eneratec.com\/wp-content\/uploads\/2024\/01\/enertec_background_07.jpg","contentUrl":"https:\/\/eneratec.com\/wp-content\/uploads\/2024\/01\/enertec_background_07.jpg","width":2000,"height":1328},{"@type":"BreadcrumbList","@id":"https:\/\/eneratec.com\/hr\/elektronicki-popravci\/#breadcrumb","itemListElement":[{"@type":"ListItem","position":1,"name":"Home","item":"https:\/\/eneratec.com\/hr\/dom\/"},{"@type":"ListItem","position":2,"name":"Elektroni\u010dki popravci"}]},{"@type":"WebSite","@id":"https:\/\/eneratec.com\/hr\/#website","url":"https:\/\/eneratec.com\/hr\/","name":"Eneratec","description":"We Build Energy","publisher":{"@id":"https:\/\/eneratec.com\/hr\/#organization"},"potentialAction":[{"@type":"SearchAction","target":{"@type":"EntryPoint","urlTemplate":"https:\/\/eneratec.com\/hr\/?s={search_term_string}"},"query-input":{"@type":"PropertyValueSpecification","valueRequired":true,"valueName":"search_term_string"}}],"inLanguage":"hr"},{"@type":"Organization","@id":"https:\/\/eneratec.com\/hr\/#organization","name":"Eneratec","url":"https:\/\/eneratec.com\/hr\/","logo":{"@type":"ImageObject","inLanguage":"hr","@id":"https:\/\/eneratec.com\/hr\/#\/schema\/logo\/image\/","url":"https:\/\/eneratec.com\/wp-content\/uploads\/2024\/01\/eneratec_logo_color_hor.svg","contentUrl":"https:\/\/eneratec.com\/wp-content\/uploads\/2024\/01\/eneratec_logo_color_hor.svg","width":"1024","height":"1024","caption":"Eneratec"},"image":{"@id":"https:\/\/eneratec.com\/hr\/#\/schema\/logo\/image\/"},"sameAs":["https:\/\/www.facebook.com\/profile.php?id=61556497551936"]}]}},"_links":{"self":[{"href":"https:\/\/eneratec.com\/hr\/wp-json\/wp\/v2\/pages\/786","targetHints":{"allow":["GET"]}}],"collection":[{"href":"https:\/\/eneratec.com\/hr\/wp-json\/wp\/v2\/pages"}],"about":[{"href":"https:\/\/eneratec.com\/hr\/wp-json\/wp\/v2\/types\/page"}],"author":[{"embeddable":true,"href":"https:\/\/eneratec.com\/hr\/wp-json\/wp\/v2\/users\/1"}],"replies":[{"embeddable":true,"href":"https:\/\/eneratec.com\/hr\/wp-json\/wp\/v2\/comments?post=786"}],"version-history":[{"count":4,"href":"https:\/\/eneratec.com\/hr\/wp-json\/wp\/v2\/pages\/786\/revisions"}],"predecessor-version":[{"id":823,"href":"https:\/\/eneratec.com\/hr\/wp-json\/wp\/v2\/pages\/786\/revisions\/823"}],"wp:featuredmedia":[{"embeddable":true,"href":"https:\/\/eneratec.com\/hr\/wp-json\/wp\/v2\/media\/673"}],"wp:attachment":[{"href":"https:\/\/eneratec.com\/hr\/wp-json\/wp\/v2\/media?parent=786"}],"curies":[{"name":"wp","href":"https:\/\/api.w.org\/{rel}","templated":true}]}}