{"id":748,"date":"2024-01-16T08:15:19","date_gmt":"2024-01-16T07:15:19","guid":{"rendered":"https:\/\/eneratec.com\/o-nama\/"},"modified":"2025-03-22T15:10:03","modified_gmt":"2025-03-22T14:10:03","slug":"o-nama","status":"publish","type":"page","link":"https:\/\/eneratec.com\/hr\/o-nama\/","title":{"rendered":"O nama"},"content":{"rendered":"<p>[et_pb_section fb_built=&#8221;1&#8243; admin_label=&#8221;Intro&#8221; _builder_version=&#8221;4.24.0&#8243; _module_preset=&#8221;default&#8221; global_colors_info=&#8221;{}&#8221; theme_builder_area=&#8221;post_content&#8221;][et_pb_row column_structure=&#8221;1_2,1_2&#8243; make_equal=&#8221;on&#8221; _builder_version=&#8221;4.24.0&#8243; _module_preset=&#8221;default&#8221; custom_css_main_element=&#8221;align-items: center;&#8221; global_colors_info=&#8221;{}&#8221; theme_builder_area=&#8221;post_content&#8221;][et_pb_column type=&#8221;1_2&#8243; _builder_version=&#8221;4.24.0&#8243; _module_preset=&#8221;default&#8221; global_colors_info=&#8221;{}&#8221; theme_builder_area=&#8221;post_content&#8221;][et_pb_text _builder_version=&#8221;4.24.0&#8243; _module_preset=&#8221;default&#8221; global_colors_info=&#8221;{}&#8221; theme_builder_area=&#8221;post_content&#8221;]<\/p>\n<h1>Dobrodo\u0161li u <strong>Eneratec<\/strong> , gdje se inovacija susre\u0107e s energetskom izvrsno\u0161\u0107u.<\/h1>\n<p>[\/et_pb_text][et_pb_divider divider_weight=&#8221;5px&#8221; _builder_version=&#8221;4.24.0&#8243; _module_preset=&#8221;default&#8221; width=&#8221;50px&#8221; global_colors_info=&#8221;{}&#8221; theme_builder_area=&#8221;post_content&#8221;][\/et_pb_divider][et_pb_text _builder_version=&#8221;4.24.2&#8243; _module_preset=&#8221;default&#8221; global_colors_info=&#8221;{}&#8221; theme_builder_area=&#8221;post_content&#8221;]<\/p>\n<p>U zadnjih 10 godina, razvili smo se iz gara\u017enog poduhvata u tvrtku spremnu pru\u017eiti energetska rje\u0161enja diljem Europe, s ponosom smje\u0161tenom u Istri, Hrvatskoj, Europi.<\/p>\n<p>U <strong>Eneratecu<\/strong> smo specijalizirani za stvaranje vrhunskih energetskih rje\u0161enja dizajniranih da zadovolje razli\u010dite potrebe na\u0161ih klijenata. Od na\u0161ih vode\u0107ih proizvoda, solarnih baterija <strong>Power Wall 10<\/strong> i <strong>Power Wall 6<\/strong> , koji u\u010dinkovito i odr\u017eivo napajaju domove i tvrtke, do na\u0161e <strong>AgriMax<\/strong> <strong>baterije za berbu maslina<\/strong> , provjerenog i pouzdanog suputnika iz srca Istre, vode\u0107e svjetske regije za proizvodnju maslinovog ulja.<\/p>\n<p>[\/et_pb_text][\/et_pb_column][et_pb_column type=&#8221;1_2&#8243; _builder_version=&#8221;4.24.0&#8243; _module_preset=&#8221;default&#8221; global_colors_info=&#8221;{}&#8221; theme_builder_area=&#8221;post_content&#8221;][et_pb_image src=&#8221;https:\/\/eneratec.com\/wp-content\/uploads\/2024\/02\/enertec_background_11.jpg&#8221; title_text=&#8221;enertec_pozadina_11&#8243; module_class=&#8221;pa-image-1-1&#8243; _builder_version=&#8221;4.24.0&#8243; _module_preset=&#8221;default&#8221; border_radii=&#8221;on|100px|100px|100px|100px&#8221; global_colors_info=&#8221;{}&#8221; theme_builder_area=&#8221;post_content&#8221;][\/et_pb_image][\/et_pb_column][\/et_pb_row][\/et_pb_section][et_pb_section fb_built=&#8221;1&#8243; admin_label=&#8221;Journey&#8221; _builder_version=&#8221;4.24.0&#8243; _module_preset=&#8221;default&#8221; background_color=&#8221;#f4f4f4&#8243; global_colors_info=&#8221;{}&#8221; theme_builder_area=&#8221;post_content&#8221;][et_pb_row column_structure=&#8221;1_2,1_2&#8243; make_equal=&#8221;on&#8221; _builder_version=&#8221;4.24.0&#8243; _module_preset=&#8221;default&#8221; custom_css_main_element=&#8221;align-items: center;&#8221; global_colors_info=&#8221;{}&#8221; theme_builder_area=&#8221;post_content&#8221;][et_pb_column type=&#8221;1_2&#8243; _builder_version=&#8221;4.24.0&#8243; _module_preset=&#8221;default&#8221; global_colors_info=&#8221;{}&#8221; theme_builder_area=&#8221;post_content&#8221;][et_pb_image src=&#8221;https:\/\/eneratec.com\/wp-content\/uploads\/2024\/02\/eneratec_electric_bike18.jpg&#8221; title_text=&#8221;eneratec_elektri\u010dni_bicikl18&#8243; module_class=&#8221;pa-image-1-1&#8243; _builder_version=&#8221;4.24.2&#8243; _module_preset=&#8221;default&#8221; border_radii=&#8221;on|100px|100px|100px|100px&#8221; global_colors_info=&#8221;{}&#8221; theme_builder_area=&#8221;post_content&#8221;][\/et_pb_image][\/et_pb_column][et_pb_column type=&#8221;1_2&#8243; _builder_version=&#8221;4.24.0&#8243; _module_preset=&#8221;default&#8221; global_colors_info=&#8221;{}&#8221; theme_builder_area=&#8221;post_content&#8221;][et_pb_text _builder_version=&#8221;4.24.0&#8243; _module_preset=&#8221;default&#8221; header_font=&#8221;|700|||||||&#8221; header_font_size=&#8221;40px&#8221; global_colors_info=&#8221;{}&#8221; theme_builder_area=&#8221;post_content&#8221;]<\/p>\n<h1>Na\u0161e putovanje<\/h1>\n<p>[\/et_pb_text][et_pb_divider divider_weight=&#8221;5px&#8221; _builder_version=&#8221;4.24.0&#8243; _module_preset=&#8221;default&#8221; width=&#8221;50px&#8221; global_colors_info=&#8221;{}&#8221; theme_builder_area=&#8221;post_content&#8221;][\/et_pb_divider][et_pb_text _builder_version=&#8221;4.24.0&#8243; _module_preset=&#8221;default&#8221; global_colors_info=&#8221;{}&#8221; theme_builder_area=&#8221;post_content&#8221;]<\/p>\n<p>Od na\u0161ih ranih dana krenuli smo u stvaranje tvrtke koja ne samo da bi zadovoljila potrebe na\u0161ih klijenata za skladi\u0161tenjem energije, ve\u0107 i prema\u0161ila njihova o\u010dekivanja. Danas smo iz gara\u017enih korijena izrasli u inovativnu snagu u industriji, vo\u0111eni stra\u0161\u0107u za inovacijama i predano\u0161\u0107u pru\u017eanju energetskih rje\u0161enja najvi\u0161e kvalitete.<\/p>\n<p>[\/et_pb_text][\/et_pb_column][\/et_pb_row][\/et_pb_section][et_pb_section fb_built=&#8221;1&#8243; admin_label=&#8221;Mid&#8221; _builder_version=&#8221;4.24.0&#8243; _module_preset=&#8221;default&#8221; background_color=&#8221;#FF5B23&#8243; global_colors_info=&#8221;{}&#8221; theme_builder_area=&#8221;post_content&#8221;][et_pb_row column_structure=&#8221;1_3,1_3,1_3&#8243; _builder_version=&#8221;4.24.0&#8243; _module_preset=&#8221;default&#8221; global_colors_info=&#8221;{}&#8221; theme_builder_area=&#8221;post_content&#8221;][et_pb_column type=&#8221;1_3&#8243; _builder_version=&#8221;4.24.0&#8243; _module_preset=&#8221;default&#8221; global_colors_info=&#8221;{}&#8221; theme_builder_area=&#8221;post_content&#8221;][et_pb_text _builder_version=&#8221;4.24.0&#8243; _module_preset=&#8221;default&#8221; header_font=&#8221;|700|||||||&#8221; header_text_color=&#8221;#FFFFFF&#8221; header_font_size=&#8221;40px&#8221; locked=&#8221;off&#8221; global_colors_info=&#8221;{}&#8221; theme_builder_area=&#8221;post_content&#8221;]<\/p>\n<h1>Proizvedeno u Hrvatskoj<\/h1>\n<p>[\/et_pb_text][et_pb_divider color=&#8221;#FFFFFF&#8221; divider_weight=&#8221;5px&#8221; _builder_version=&#8221;4.24.0&#8243; _module_preset=&#8221;default&#8221; width=&#8221;50px&#8221; locked=&#8221;off&#8221; global_colors_info=&#8221;{}&#8221; theme_builder_area=&#8221;post_content&#8221;][\/et_pb_divider][et_pb_text _builder_version=&#8221;4.24.0&#8243; _module_preset=&#8221;default&#8221; background_layout=&#8221;dark&#8221; locked=&#8221;off&#8221; global_colors_info=&#8221;{}&#8221; theme_builder_area=&#8221;post_content&#8221;]<\/p>\n<p>Svi na\u0161i proizvodi s ponosom se izra\u0111uju u <strong>Hrvatskoj<\/strong>, koriste\u0107i najkvalitetnije materijale i pridr\u017eavaju\u0107i se najvi\u0161ih standarda. Na\u0161a predanost izvrsnosti nije samo obe\u0107anje; to je jamstvo da svaki <strong>Eneratec<\/strong> proizvod pru\u017ea vrhunske performanse i izdr\u017eljivost.<\/p>\n<p>[\/et_pb_text][\/et_pb_column][et_pb_column type=&#8221;1_3&#8243; _builder_version=&#8221;4.24.0&#8243; _module_preset=&#8221;default&#8221; global_colors_info=&#8221;{}&#8221; theme_builder_area=&#8221;post_content&#8221;][et_pb_text _builder_version=&#8221;4.24.0&#8243; _module_preset=&#8221;default&#8221; header_font=&#8221;|700|||||||&#8221; header_text_color=&#8221;#FFFFFF&#8221; header_font_size=&#8221;40px&#8221; locked=&#8221;off&#8221; global_colors_info=&#8221;{}&#8221; theme_builder_area=&#8221;post_content&#8221;]<\/p>\n<h1>Raznovrsna rje\u0161enja<\/h1>\n<p>[\/et_pb_text][et_pb_divider color=&#8221;#FFFFFF&#8221; divider_weight=&#8221;5px&#8221; _builder_version=&#8221;4.24.0&#8243; _module_preset=&#8221;default&#8221; width=&#8221;50px&#8221; locked=&#8221;off&#8221; global_colors_info=&#8221;{}&#8221; theme_builder_area=&#8221;post_content&#8221;][\/et_pb_divider][et_pb_text _builder_version=&#8221;4.24.2&#8243; _module_preset=&#8221;default&#8221; background_layout=&#8221;dark&#8221; global_colors_info=&#8221;{}&#8221; theme_builder_area=&#8221;post_content&#8221;]<\/p>\n<p>Dok na\u0161a serija <strong>Power Wall<\/strong> zadovoljava stambene i komercijalne potrebe za skladi\u0161tenjem energije, tako\u0111er smo se odva\u017eili i na specijalizirane primjene. Na\u0161e baterije za tresa\u010de stabala maslina pokazuju na\u0161u prilagodljivost i predanost pru\u017eanju energetskih rje\u0161enja u razli\u010ditim industrijama.<\/p>\n<p>[\/et_pb_text][\/et_pb_column][et_pb_column type=&#8221;1_3&#8243; _builder_version=&#8221;4.24.0&#8243; _module_preset=&#8221;default&#8221; global_colors_info=&#8221;{}&#8221; theme_builder_area=&#8221;post_content&#8221;][et_pb_text _builder_version=&#8221;4.24.0&#8243; _module_preset=&#8221;default&#8221; header_font=&#8221;|700|||||||&#8221; header_text_color=&#8221;#FFFFFF&#8221; header_font_size=&#8221;40px&#8221; locked=&#8221;off&#8221; global_colors_info=&#8221;{}&#8221; theme_builder_area=&#8221;post_content&#8221;]<\/p>\n<h1>Ne samo baterije<\/h1>\n<p>[\/et_pb_text][et_pb_divider color=&#8221;#FFFFFF&#8221; divider_weight=&#8221;5px&#8221; _builder_version=&#8221;4.24.0&#8243; _module_preset=&#8221;default&#8221; width=&#8221;50px&#8221; locked=&#8221;off&#8221; global_colors_info=&#8221;{}&#8221; theme_builder_area=&#8221;post_content&#8221;][\/et_pb_divider][et_pb_text _builder_version=&#8221;4.24.0&#8243; _module_preset=&#8221;default&#8221; background_layout=&#8221;dark&#8221; locked=&#8221;off&#8221; global_colors_info=&#8221;{}&#8221; theme_builder_area=&#8221;post_content&#8221;]<\/p>\n<p><strong>Eneratec<\/strong> se ne bavi samo baterijama; tako\u0111er smo stru\u010dnjaci za popravke slo\u017eenih nauti\u010dkih elektri\u010dnih sustava. Bilo da se radi o anemometrima, razli\u010ditim strujnim plo\u010dama ili sli\u010dnoj nauti\u010dkoj opremi, na\u0161 stru\u010dni tim osigurava preciznost i pouzdanost.<\/p>\n<p>[\/et_pb_text][\/et_pb_column][\/et_pb_row][\/et_pb_section][et_pb_section fb_built=&#8221;1&#8243; fullwidth=&#8221;on&#8221; disabled_on=&#8221;off|off|on&#8221; admin_label=&#8221;Fullwidth image&#8221; _builder_version=&#8221;4.24.0&#8243; _module_preset=&#8221;default&#8221; global_colors_info=&#8221;{}&#8221; theme_builder_area=&#8221;post_content&#8221;][et_pb_fullwidth_image src=&#8221;https:\/\/eneratec.com\/wp-content\/uploads\/2024\/02\/enertec_background_13.jpg&#8221; title_text=&#8221;enertec_pozadina_13&#8243; _builder_version=&#8221;4.24.0&#8243; _module_preset=&#8221;default&#8221; global_colors_info=&#8221;{}&#8221; theme_builder_area=&#8221;post_content&#8221;][\/et_pb_fullwidth_image][\/et_pb_section][et_pb_section fb_built=&#8221;1&#8243; admin_label=&#8221;CTA&#8221; _builder_version=&#8221;4.24.0&#8243; _module_preset=&#8221;default&#8221; use_background_color_gradient=&#8221;on&#8221; background_color_gradient_direction=&#8221;90deg&#8221; background_color_gradient_stops=&#8221;rgba(255,255,255,0.75) 50%|rgba(255,255,255,0) 50%&#8221; background_color_gradient_overlays_image=&#8221;on&#8221; background_image=&#8221;https:\/\/eneratec.com\/wp-content\/uploads\/2024\/02\/enertec_background_13.jpg&#8221; parallax=&#8221;on&#8221; parallax_method=&#8221;off&#8221; min_height=&#8221;50vh&#8221; background_last_edited=&#8221;on|tablet&#8221; background_enable_image_tablet=&#8221;off&#8221; global_colors_info=&#8221;{}&#8221; theme_builder_area=&#8221;post_content&#8221;][et_pb_row column_structure=&#8221;1_2,1_2&#8243; make_equal=&#8221;on&#8221; _builder_version=&#8221;4.24.0&#8243; _module_preset=&#8221;default&#8221; height=&#8221;50vh&#8221; custom_css_main_element=&#8221;align-items: center;&#8221; global_colors_info=&#8221;{}&#8221; theme_builder_area=&#8221;post_content&#8221;][et_pb_column type=&#8221;1_2&#8243; _builder_version=&#8221;4.24.0&#8243; _module_preset=&#8221;default&#8221; global_colors_info=&#8221;{}&#8221; theme_builder_area=&#8221;post_content&#8221;][et_pb_text _builder_version=&#8221;4.24.0&#8243; _module_preset=&#8221;default&#8221; header_font=&#8221;|700|||||||&#8221; header_font_size=&#8221;40px&#8221; locked=&#8221;off&#8221; global_colors_info=&#8221;{}&#8221; theme_builder_area=&#8221;post_content&#8221;]<\/p>\n<h1>Zadovoljstvo klijenata<\/h1>\n<p>[\/et_pb_text][et_pb_divider divider_weight=&#8221;5px&#8221; _builder_version=&#8221;4.24.0&#8243; _module_preset=&#8221;default&#8221; width=&#8221;50px&#8221; locked=&#8221;off&#8221; global_colors_info=&#8221;{}&#8221; theme_builder_area=&#8221;post_content&#8221;][\/et_pb_divider][et_pb_text _builder_version=&#8221;4.24.2&#8243; _module_preset=&#8221;default&#8221; hover_enabled=&#8221;0&#8243; global_colors_info=&#8221;{}&#8221; theme_builder_area=&#8221;post_content&#8221; sticky_enabled=&#8221;0&#8243;]<\/p>\n<p>Na\u0161 uspjeh mjeri se zadovoljstvom na\u0161ih klijenata. Ponosimo se na\u0161om \u0161irokom bazom zadovoljnih kupaca i dugotrajnim u\u010dinkom na\u0161ih proizvoda. Povjerenje koje dajete <strong>Eneratecu<\/strong> motivira nas na stalne inovacije, osiguravaju\u0107i da nudimo najbolja rje\u0161enja za va\u0161e energetske potrebe.<\/p>\n<p>Pridru\u017eite nam se na na\u0161em putovanju dok nastavljamo oblikovati budu\u0107nost energetskih rje\u0161enja. U <strong>Eneratecu<\/strong> ne napajamo samo domove i tvrtke; osna\u017eujemo odr\u017eiv i energetski u\u010dinkovit svijet.<\/p>\n<p>[\/et_pb_text][et_pb_button button_text=&#8221;Saznajte vi\u0161e&#8221; _builder_version=&#8221;4.24.0&#8243; _module_preset=&#8221;default&#8221; custom_button=&#8221;on&#8221; button_text_size=&#8221;16px&#8221; button_text_color=&#8221;#02020A&#8221; button_border_color=&#8221;#02020A&#8221; button_border_radius=&#8221;10px&#8221; button_letter_spacing=&#8221;1px&#8221; button_font=&#8221;Montserrat|600||on|||||&#8221; button_use_icon=&#8221;off&#8221; locked=&#8221;off&#8221; global_colors_info=&#8221;{}&#8221; button_bg_color__hover_enabled=&#8221;on|hover&#8221; button_bg_color__hover=&#8221;#FF5B23&#8243; button_bg_enable_color__hover=&#8221;on&#8221; button_border_color__hover_enabled=&#8221;on|hover&#8221; button_border_color__hover=&#8221;#FF5B23&#8243; button_text_color__hover_enabled=&#8221;on|hover&#8221; button_text_color__hover=&#8221;#FFFFFF&#8221; theme_builder_area=&#8221;post_content&#8221;][\/et_pb_button][\/et_pb_column][et_pb_column type=&#8221;1_2&#8243; _builder_version=&#8221;4.24.0&#8243; _module_preset=&#8221;default&#8221; global_colors_info=&#8221;{}&#8221; theme_builder_area=&#8221;post_content&#8221;][\/et_pb_column][\/et_pb_row][\/et_pb_section]<\/p>\n","protected":false},"excerpt":{"rendered":"<p>Dobrodo\u0161li u Eneratec , gdje se inovacija susre\u0107e s energetskom izvrsno\u0161\u0107u.U zadnjih 10 godina, razvili smo se iz gara\u017enog poduhvata u tvrtku spremnu pru\u017eiti energetska rje\u0161enja diljem Europe, s ponosom smje\u0161tenom u Istri, Hrvatskoj, Europi. U Eneratecu smo specijalizirani za stvaranje vrhunskih energetskih rje\u0161enja dizajniranih da zadovolje razli\u010dite potrebe na\u0161ih klijenata. Od na\u0161ih vode\u0107ih proizvoda, [&hellip;]<\/p>\n","protected":false},"author":1,"featured_media":670,"parent":0,"menu_order":0,"comment_status":"closed","ping_status":"closed","template":"","meta":{"_et_pb_use_builder":"on","_et_pb_old_content":"","_et_gb_content_width":"","inline_featured_image":false,"footnotes":""},"class_list":["post-748","page","type-page","status-publish","has-post-thumbnail","hentry"],"yoast_head":"<!-- This site is optimized with the Yoast SEO plugin v27.4 - https:\/\/yoast.com\/product\/yoast-seo-wordpress\/ -->\n<title>O nama - Eneratec<\/title>\n<meta name=\"robots\" content=\"index, follow, max-snippet:-1, max-image-preview:large, max-video-preview:-1\" \/>\n<link rel=\"canonical\" href=\"https:\/\/eneratec.com\/hr\/o-nama\/\" \/>\n<meta property=\"og:locale\" content=\"hr_HR\" \/>\n<meta property=\"og:type\" content=\"article\" \/>\n<meta property=\"og:title\" content=\"O nama - Eneratec\" \/>\n<meta property=\"og:description\" content=\"Dobrodo\u0161li u Eneratec , gdje se inovacija susre\u0107e s energetskom izvrsno\u0161\u0107u.U zadnjih 10 godina, razvili smo se iz gara\u017enog poduhvata u tvrtku spremnu pru\u017eiti energetska rje\u0161enja diljem Europe, s ponosom smje\u0161tenom u Istri, Hrvatskoj, Europi. U Eneratecu smo specijalizirani za stvaranje vrhunskih energetskih rje\u0161enja dizajniranih da zadovolje razli\u010dite potrebe na\u0161ih klijenata. Od na\u0161ih vode\u0107ih proizvoda, [&hellip;]\" \/>\n<meta property=\"og:url\" content=\"https:\/\/eneratec.com\/hr\/o-nama\/\" \/>\n<meta property=\"og:site_name\" content=\"Eneratec\" \/>\n<meta property=\"article:publisher\" content=\"https:\/\/www.facebook.com\/profile.php?id=61556497551936\" \/>\n<meta property=\"article:modified_time\" content=\"2025-03-22T14:10:03+00:00\" \/>\n<meta property=\"og:image\" content=\"https:\/\/eneratec.com\/wp-content\/uploads\/2024\/01\/enertec_background_04.jpg\" \/>\n\t<meta property=\"og:image:width\" content=\"2000\" \/>\n\t<meta property=\"og:image:height\" content=\"1333\" \/>\n\t<meta property=\"og:image:type\" content=\"image\/jpeg\" \/>\n<meta name=\"twitter:card\" content=\"summary_large_image\" \/>\n<meta name=\"twitter:label1\" content=\"Procijenjeno vrijeme \u010ditanja\" \/>\n\t<meta name=\"twitter:data1\" content=\"8 minuta\" \/>\n<script type=\"application\/ld+json\" class=\"yoast-schema-graph\">{\"@context\":\"https:\\\/\\\/schema.org\",\"@graph\":[{\"@type\":\"WebPage\",\"@id\":\"https:\\\/\\\/eneratec.com\\\/hr\\\/o-nama\\\/\",\"url\":\"https:\\\/\\\/eneratec.com\\\/hr\\\/o-nama\\\/\",\"name\":\"O nama - Eneratec\",\"isPartOf\":{\"@id\":\"https:\\\/\\\/eneratec.com\\\/hr\\\/#website\"},\"primaryImageOfPage\":{\"@id\":\"https:\\\/\\\/eneratec.com\\\/hr\\\/o-nama\\\/#primaryimage\"},\"image\":{\"@id\":\"https:\\\/\\\/eneratec.com\\\/hr\\\/o-nama\\\/#primaryimage\"},\"thumbnailUrl\":\"https:\\\/\\\/eneratec.com\\\/wp-content\\\/uploads\\\/2024\\\/01\\\/enertec_background_04.jpg\",\"datePublished\":\"2024-01-16T07:15:19+00:00\",\"dateModified\":\"2025-03-22T14:10:03+00:00\",\"breadcrumb\":{\"@id\":\"https:\\\/\\\/eneratec.com\\\/hr\\\/o-nama\\\/#breadcrumb\"},\"inLanguage\":\"hr\",\"potentialAction\":[{\"@type\":\"ReadAction\",\"target\":[\"https:\\\/\\\/eneratec.com\\\/hr\\\/o-nama\\\/\"]}]},{\"@type\":\"ImageObject\",\"inLanguage\":\"hr\",\"@id\":\"https:\\\/\\\/eneratec.com\\\/hr\\\/o-nama\\\/#primaryimage\",\"url\":\"https:\\\/\\\/eneratec.com\\\/wp-content\\\/uploads\\\/2024\\\/01\\\/enertec_background_04.jpg\",\"contentUrl\":\"https:\\\/\\\/eneratec.com\\\/wp-content\\\/uploads\\\/2024\\\/01\\\/enertec_background_04.jpg\",\"width\":2000,\"height\":1333},{\"@type\":\"BreadcrumbList\",\"@id\":\"https:\\\/\\\/eneratec.com\\\/hr\\\/o-nama\\\/#breadcrumb\",\"itemListElement\":[{\"@type\":\"ListItem\",\"position\":1,\"name\":\"Home\",\"item\":\"https:\\\/\\\/eneratec.com\\\/hr\\\/dom\\\/\"},{\"@type\":\"ListItem\",\"position\":2,\"name\":\"O nama\"}]},{\"@type\":\"WebSite\",\"@id\":\"https:\\\/\\\/eneratec.com\\\/hr\\\/#website\",\"url\":\"https:\\\/\\\/eneratec.com\\\/hr\\\/\",\"name\":\"Eneratec\",\"description\":\"We Build Energy\",\"publisher\":{\"@id\":\"https:\\\/\\\/eneratec.com\\\/hr\\\/#organization\"},\"potentialAction\":[{\"@type\":\"SearchAction\",\"target\":{\"@type\":\"EntryPoint\",\"urlTemplate\":\"https:\\\/\\\/eneratec.com\\\/hr\\\/?s={search_term_string}\"},\"query-input\":{\"@type\":\"PropertyValueSpecification\",\"valueRequired\":true,\"valueName\":\"search_term_string\"}}],\"inLanguage\":\"hr\"},{\"@type\":\"Organization\",\"@id\":\"https:\\\/\\\/eneratec.com\\\/hr\\\/#organization\",\"name\":\"Eneratec\",\"url\":\"https:\\\/\\\/eneratec.com\\\/hr\\\/\",\"logo\":{\"@type\":\"ImageObject\",\"inLanguage\":\"hr\",\"@id\":\"https:\\\/\\\/eneratec.com\\\/hr\\\/#\\\/schema\\\/logo\\\/image\\\/\",\"url\":\"https:\\\/\\\/eneratec.com\\\/wp-content\\\/uploads\\\/2024\\\/01\\\/eneratec_logo_color_hor.svg\",\"contentUrl\":\"https:\\\/\\\/eneratec.com\\\/wp-content\\\/uploads\\\/2024\\\/01\\\/eneratec_logo_color_hor.svg\",\"width\":\"1024\",\"height\":\"1024\",\"caption\":\"Eneratec\"},\"image\":{\"@id\":\"https:\\\/\\\/eneratec.com\\\/hr\\\/#\\\/schema\\\/logo\\\/image\\\/\"},\"sameAs\":[\"https:\\\/\\\/www.facebook.com\\\/profile.php?id=61556497551936\"]}]}<\/script>\n<!-- \/ Yoast SEO plugin. -->","yoast_head_json":{"title":"O nama - Eneratec","robots":{"index":"index","follow":"follow","max-snippet":"max-snippet:-1","max-image-preview":"max-image-preview:large","max-video-preview":"max-video-preview:-1"},"canonical":"https:\/\/eneratec.com\/hr\/o-nama\/","og_locale":"hr_HR","og_type":"article","og_title":"O nama - Eneratec","og_description":"Dobrodo\u0161li u Eneratec , gdje se inovacija susre\u0107e s energetskom izvrsno\u0161\u0107u.U zadnjih 10 godina, razvili smo se iz gara\u017enog poduhvata u tvrtku spremnu pru\u017eiti energetska rje\u0161enja diljem Europe, s ponosom smje\u0161tenom u Istri, Hrvatskoj, Europi. U Eneratecu smo specijalizirani za stvaranje vrhunskih energetskih rje\u0161enja dizajniranih da zadovolje razli\u010dite potrebe na\u0161ih klijenata. Od na\u0161ih vode\u0107ih proizvoda, [&hellip;]","og_url":"https:\/\/eneratec.com\/hr\/o-nama\/","og_site_name":"Eneratec","article_publisher":"https:\/\/www.facebook.com\/profile.php?id=61556497551936","article_modified_time":"2025-03-22T14:10:03+00:00","og_image":[{"width":2000,"height":1333,"url":"https:\/\/eneratec.com\/wp-content\/uploads\/2024\/01\/enertec_background_04.jpg","type":"image\/jpeg"}],"twitter_card":"summary_large_image","twitter_misc":{"Procijenjeno vrijeme \u010ditanja":"8 minuta"},"schema":{"@context":"https:\/\/schema.org","@graph":[{"@type":"WebPage","@id":"https:\/\/eneratec.com\/hr\/o-nama\/","url":"https:\/\/eneratec.com\/hr\/o-nama\/","name":"O nama - Eneratec","isPartOf":{"@id":"https:\/\/eneratec.com\/hr\/#website"},"primaryImageOfPage":{"@id":"https:\/\/eneratec.com\/hr\/o-nama\/#primaryimage"},"image":{"@id":"https:\/\/eneratec.com\/hr\/o-nama\/#primaryimage"},"thumbnailUrl":"https:\/\/eneratec.com\/wp-content\/uploads\/2024\/01\/enertec_background_04.jpg","datePublished":"2024-01-16T07:15:19+00:00","dateModified":"2025-03-22T14:10:03+00:00","breadcrumb":{"@id":"https:\/\/eneratec.com\/hr\/o-nama\/#breadcrumb"},"inLanguage":"hr","potentialAction":[{"@type":"ReadAction","target":["https:\/\/eneratec.com\/hr\/o-nama\/"]}]},{"@type":"ImageObject","inLanguage":"hr","@id":"https:\/\/eneratec.com\/hr\/o-nama\/#primaryimage","url":"https:\/\/eneratec.com\/wp-content\/uploads\/2024\/01\/enertec_background_04.jpg","contentUrl":"https:\/\/eneratec.com\/wp-content\/uploads\/2024\/01\/enertec_background_04.jpg","width":2000,"height":1333},{"@type":"BreadcrumbList","@id":"https:\/\/eneratec.com\/hr\/o-nama\/#breadcrumb","itemListElement":[{"@type":"ListItem","position":1,"name":"Home","item":"https:\/\/eneratec.com\/hr\/dom\/"},{"@type":"ListItem","position":2,"name":"O nama"}]},{"@type":"WebSite","@id":"https:\/\/eneratec.com\/hr\/#website","url":"https:\/\/eneratec.com\/hr\/","name":"Eneratec","description":"We Build Energy","publisher":{"@id":"https:\/\/eneratec.com\/hr\/#organization"},"potentialAction":[{"@type":"SearchAction","target":{"@type":"EntryPoint","urlTemplate":"https:\/\/eneratec.com\/hr\/?s={search_term_string}"},"query-input":{"@type":"PropertyValueSpecification","valueRequired":true,"valueName":"search_term_string"}}],"inLanguage":"hr"},{"@type":"Organization","@id":"https:\/\/eneratec.com\/hr\/#organization","name":"Eneratec","url":"https:\/\/eneratec.com\/hr\/","logo":{"@type":"ImageObject","inLanguage":"hr","@id":"https:\/\/eneratec.com\/hr\/#\/schema\/logo\/image\/","url":"https:\/\/eneratec.com\/wp-content\/uploads\/2024\/01\/eneratec_logo_color_hor.svg","contentUrl":"https:\/\/eneratec.com\/wp-content\/uploads\/2024\/01\/eneratec_logo_color_hor.svg","width":"1024","height":"1024","caption":"Eneratec"},"image":{"@id":"https:\/\/eneratec.com\/hr\/#\/schema\/logo\/image\/"},"sameAs":["https:\/\/www.facebook.com\/profile.php?id=61556497551936"]}]}},"_links":{"self":[{"href":"https:\/\/eneratec.com\/hr\/wp-json\/wp\/v2\/pages\/748","targetHints":{"allow":["GET"]}}],"collection":[{"href":"https:\/\/eneratec.com\/hr\/wp-json\/wp\/v2\/pages"}],"about":[{"href":"https:\/\/eneratec.com\/hr\/wp-json\/wp\/v2\/types\/page"}],"author":[{"embeddable":true,"href":"https:\/\/eneratec.com\/hr\/wp-json\/wp\/v2\/users\/1"}],"replies":[{"embeddable":true,"href":"https:\/\/eneratec.com\/hr\/wp-json\/wp\/v2\/comments?post=748"}],"version-history":[{"count":8,"href":"https:\/\/eneratec.com\/hr\/wp-json\/wp\/v2\/pages\/748\/revisions"}],"predecessor-version":[{"id":826,"href":"https:\/\/eneratec.com\/hr\/wp-json\/wp\/v2\/pages\/748\/revisions\/826"}],"wp:featuredmedia":[{"embeddable":true,"href":"https:\/\/eneratec.com\/hr\/wp-json\/wp\/v2\/media\/670"}],"wp:attachment":[{"href":"https:\/\/eneratec.com\/hr\/wp-json\/wp\/v2\/media?parent=748"}],"curies":[{"name":"wp","href":"https:\/\/api.w.org\/{rel}","templated":true}]}}